{"id":909,"date":"2025-07-15T10:18:27","date_gmt":"2025-07-15T10:18:27","guid":{"rendered":"https:\/\/www.cosmedic-annabrandt.at\/?page_id=909"},"modified":"2025-07-15T10:18:27","modified_gmt":"2025-07-15T10:18:27","slug":"agbs-dienstleistung","status":"publish","type":"page","link":"https:\/\/www.cosmedic-annabrandt.at\/?page_id=909","title":{"rendered":"AGBs (Dienstleistung)"},"content":{"rendered":"<div class=\"fusion-fullwidth fullwidth-box fusion-builder-row-1 fusion-flex-container has-pattern-background has-mask-background nonhundred-percent-fullwidth non-hundred-percent-height-scrolling\" style=\"--awb-border-radius-top-left:0px;--awb-border-radius-top-right:0px;--awb-border-radius-bottom-right:0px;--awb-border-radius-bottom-left:0px;--awb-flex-wrap:wrap;\" ><div class=\"fusion-builder-row fusion-row fusion-flex-align-items-flex-start fusion-flex-content-wrap\" style=\"max-width:1144px;margin-left: calc(-4% \/ 2 );margin-right: calc(-4% \/ 2 );\"><div class=\"fusion-layout-column fusion_builder_column fusion-builder-column-0 fusion_builder_column_1_1 1_1 fusion-flex-column\" style=\"--awb-bg-size:cover;--awb-width-large:100%;--awb-margin-top-large:15px;--awb-spacing-right-large:1.92%;--awb-margin-bottom-large:15px;--awb-spacing-left-large:1.92%;--awb-width-medium:100%;--awb-order-medium:0;--awb-spacing-right-medium:1.92%;--awb-spacing-left-medium:1.92%;--awb-width-small:100%;--awb-order-small:0;--awb-spacing-right-small:1.92%;--awb-spacing-left-small:1.92%;\"><div class=\"fusion-column-wrapper fusion-column-has-shadow fusion-flex-justify-content-flex-start fusion-content-layout-column\"><div class=\"fusion-title title fusion-title-1 fusion-sep-none fusion-title-text fusion-title-size-one\"><h1 class=\"fusion-title-heading title-heading-left fusion-responsive-typography-calculated\" style=\"margin:0;--fontSize:106;line-height:var(--awb-typography1-line-height);\">AGBs<\/h1><\/div><div class=\"fusion-text fusion-text-1\"><p>\u2013\u2013\u2013\u2013\u2013\u2013\u2013\u2013\u2013\u2013\u2013\u2013\u2013\u2013\u2013\u2013\u2013\u2013\u2013\u2013\u2013\u2013\u2013\u2013\u2013\u2013\u2013\u2013\u2013\u2013\u2013\u2013\u2013\u2013\u2013\u2013\u2013\u2013\u2013\u2013\u2013\u2013\u2013\u2013\u2013\u2013\u2013\u2013\u2013\u2013\u2013\u2013\u2013\u2013\u2013<br \/>\nAllgemeine Gesch\u00e4ftsbedingungen mit Kundeninformationen<br \/>\n\u2013\u2013\u2013\u2013\u2013\u2013\u2013\u2013\u2013\u2013\u2013\u2013\u2013\u2013\u2013\u2013\u2013\u2013\u2013\u2013\u2013\u2013\u2013\u2013\u2013\u2013\u2013\u2013\u2013\u2013\u2013\u2013\u2013\u2013\u2013\u2013\u2013\u2013\u2013\u2013\u2013\u2013\u2013\u2013\u2013\u2013\u2013\u2013\u2013\u2013\u2013\u2013\u2013\u2013\u2013<\/p>\n<p>Inhaltsverzeichnis<br \/>\n\u2013\u2013\u2013\u2013\u2013\u2013\u2013\u2013\u2013\u2013\u2013\u2013\u2013\u2013\u2013\u2013\u2013\u2013<br \/>\n1. Geltungsbereich<br \/>\n2. Vertragsschluss<br \/>\n3. Widerrufsrecht<br \/>\n4. Stornierung von Terminvereinbarungen<br \/>\n5. Preise und Zahlungsbedingungen<br \/>\n6. Anwendbares Recht<br \/>\n7. Alternative Streitbeilegung<\/p>\n<p>1) Geltungsbereich<br \/>\n1.1 Diese Allgemeinen Gesch\u00e4ftsbedingungen (nachfolgend &#8222;AGB&#8220;) der Anna Brandt, handelnd unter &#8222;CosMedic Anna Brandt&#8220; (nachfolgend &#8222;Anbieter&#8220;), gelten f\u00fcr alle Vertr\u00e4ge zur Erbringung von Dienstleistungen, die ein Verbraucher oder Unternehmer (nachfolgend \u201eKunde\u201c) mit dem Anbieter hinsichtlich der vom Anbieter auf seiner Website dargestellten Leistungen abschlie\u00dft. Hiermit wird der Einbeziehung von eigenen Bedingungen des Kunden widersprochen, es sei denn, es ist etwas anderes vereinbart.<br \/>\n1.2 Verbraucher im Sinne dieser AGB ist jede nat\u00fcrliche Person, die ein Rechtsgesch\u00e4ft zu Zwecken abschlie\u00dft, die \u00fcberwiegend weder ihrer gewerblichen noch ihrer selbst\u00e4ndigen beruflichen T\u00e4tigkeit zugerechnet werden k\u00f6nnen. Unternehmer im Sinne dieser AGB ist eine nat\u00fcrliche oder juristische Person oder eine rechtsf\u00e4hige Personengesellschaft, die bei Abschluss eines Rechtsgesch\u00e4fts in Aus\u00fcbung ihrer gewerblichen oder selbst\u00e4ndigen beruflichen T\u00e4tigkeit handelt.<\/p>\n<p>2) Vertragsschluss<br \/>\n2.1 Die auf der Website des Anbieters befindlichen Leistungsbeschreibungen stellen keine verbindlichen Angebote seitens des Anbieters dar, sondern dienen zur Abgabe eines verbindlichen Angebots durch den Kunden.<br \/>\n2.2 Der Kunde kann das Angebot \u00fcber das in die Website des Anbieters integrierte Online-Bestellformular abgeben. Dabei gibt der Kunde, nachdem er die ausgew\u00e4hlten Leistungen in den virtuellen Warenkorb gelegt und den elektronischen Bestellprozess durchlaufen hat, durch Klicken des den Bestellvorgang abschlie\u00dfenden Buttons ein rechtlich verbindliches Vertragsangebot in Bezug auf die im Warenkorb enthaltenen Leistungen ab.<br \/>\n2.3 Der Anbieter kann das Angebot des Kunden innerhalb von f\u00fcnf Tagen annehmen,<br \/>\n&#8211; indem er dem Kunden eine schriftliche Auftragsbest\u00e4tigung oder eine Auftragsbest\u00e4tigung in Textform (Fax oder E-Mail) \u00fcbermittelt, wobei insoweit der Zugang der Auftragsbest\u00e4tigung beim Kunden ma\u00dfgeblich ist, oder<br \/>\n&#8211; indem er auf Anforderung des Kunden mit der Ausf\u00fchrung der Leistung beginnt und dies dem Kunden anzeigt, oder<br \/>\n&#8211; indem er den Kunden nach Abgabe von dessen Bestellung zur Zahlung auffordert.<br \/>\nLiegen mehrere der vorgenannten Alternativen vor, kommt der Vertrag in dem Zeitpunkt zustande, in dem eine der vorgenannten Alternativen zuerst eintritt. Die Frist zur Annahme des Angebots beginnt am Tag nach der Absendung des Angebots durch den Kunden zu laufen und endet mit dem Ablauf des f\u00fcnften Tages, welcher auf die Absendung des Angebots folgt. Nimmt der Anbieter das Angebot des Kunden innerhalb vorgenannter Frist nicht an, so gilt dies als Ablehnung des Angebots mit der Folge, dass der Kunde nicht mehr an seine Willenserkl\u00e4rung gebunden ist.<br \/>\n2.4 Bei der Abgabe eines Angebots \u00fcber das Online-Bestellformular des Anbieters wird der Vertragstext nach dem Vertragsschluss vom Anbieter gespeichert und dem Kunden nach Absendung von dessen Bestellung in Textform (z. B. E-Mail, Fax oder Brief) \u00fcbermittelt. Eine dar\u00fcber hinausgehende Zug\u00e4nglichmachung des Vertragstextes durch den Anbieter erfolgt nicht. Sofern der Kunde vor Absendung seiner Bestellung ein Nutzerkonto im Website des Anbieters eingerichtet hat, werden die Bestelldaten auf der Website des Anbieters archiviert und k\u00f6nnen vom Kunden \u00fcber dessen passwortgesch\u00fctztes Nutzerkonto unter Angabe der entsprechenden Login-Daten kostenlos abgerufen werden.<br \/>\n2.5 Vor verbindlicher Abgabe der Bestellung \u00fcber das Online-Bestellformular des Anbieters kann der Kunde m\u00f6gliche Eingabefehler durch aufmerksames Lesen der auf dem Bildschirm dargestellten Informationen erkennen. Ein wirksames technisches Mittel zur besseren Erkennung von Eingabefehlern kann dabei die Vergr\u00f6\u00dferungsfunktion des Browsers sein, mit deren Hilfe die Darstellung auf dem Bildschirm vergr\u00f6\u00dfert wird. Seine Eingaben kann der Kunde im Rahmen des elektronischen Bestellprozesses so lange \u00fcber die \u00fcblichen Tastatur- und Mausfunktionen korrigieren, bis er den Button anklickt, welcher den Bestellvorgang abschlie\u00dft.<br \/>\n2.6 F\u00fcr den Vertragsschluss steht ausschlie\u00dflich die deutsche Sprache zur Verf\u00fcgung.<br \/>\n2.7 Die Bestellabwicklung und Kontaktaufnahme finden in der Regel per E-Mail und automatisierter Bestellabwicklung statt. Der Kunde hat sicherzustellen, dass die von ihm zur Bestellabwicklung angegebene E-Mail-Adresse zutreffend ist, so dass unter dieser Adresse die vom Anbieter versandten E-Mails empfangen werden k\u00f6nnen. Insbesondere hat der Kunde bei dem Einsatz von SPAM-Filtern sicherzustellen, dass alle vom Anbieter oder von diesem mit der Bestellabwicklung beauftragten Dritten versandten E-Mails zugestellt werden k\u00f6nnen.<\/p>\n<p>3) Widerrufsrecht<br \/>\nVerbrauchern steht grunds\u00e4tzlich ein Widerrufsrecht zu. N\u00e4here Informationen zum Widerrufsrecht ergeben sich aus der Widerrufsbelehrung des Anbieters.<\/p>\n<p>4) Stornierung von Terminvereinbarungen<br \/>\n4.1 Unabh\u00e4ngig von einem ggf. bestehenden gesetzlichen Widerrufsrecht r\u00e4umt der Anbieter dem Kunden das Recht ein, seine Terminvereinbarung f\u00fcr eine Leistung des Anbieters nach folgender Ma\u00dfgabe kostenfrei zu stornieren (vertragliches R\u00fccktrittsrecht):<br \/>\n4.2 Der Kunde kann seine Terminvereinbarung bis zu 24 Stunden vor Beginn der gebuchten Leistung ohne Angabe von Gr\u00fcnden durch eine gegen\u00fcber dem Anbieter in Textform (z. B. E-Mail) abzugebende Erkl\u00e4rung stornieren. F\u00fcr die Einhaltung der Stornierungsfrist ist der Zugang der Erkl\u00e4rung beim Anbieter ma\u00dfgeblich. Storniert der Kunde seine Terminvereinbarung fristgerecht, so wird der Anbieter ihm ein ggf. bereits gezahltes Entgelt innerhalb einer Frist von zwei Wochen ab Zugang seiner Erkl\u00e4rung vollst\u00e4ndig zur\u00fcckerstatten. Hierf\u00fcr kann der Anbieter das gleiche Zahlungsmittel verwenden, welches der Kunde f\u00fcr seine Zahlung an den Anbieter verwendet hat.<br \/>\n4.3 Ein ggf. bestehendes gesetzliches Widerrufsrecht des Kunden wird durch das vorstehend geregelte R\u00fccktrittsrecht nicht eingeschr\u00e4nkt.<\/p>\n<p>5) Preise und Zahlungsbedingungen<br \/>\n5.1 Sofern sich aus der Leistungsbeschreibung des Anbieters nichts anderes ergibt, handelt es sich bei den angegebenen Preisen um Gesamtpreise, die die gesetzliche Umsatzsteuer enthalten.<br \/>\n5.2 Die Zahlungsm\u00f6glichkeit(en) und Zahlungsmodalit\u00e4ten werden dem Kunden auf der Website des Anbieters mitgeteilt.<\/p>\n<p>6) Anwendbares Recht<br \/>\n6.1 F\u00fcr s\u00e4mtliche Rechtsbeziehungen der Parteien gilt das Recht der Bundesrepublik Deutschland unter Ausschluss der Gesetze \u00fcber den internationalen Kauf beweglicher Waren. Bei Verbrauchern gilt diese Rechtswahl nur insoweit, als nicht der gew\u00e4hrte Schutz durch zwingende Bestimmungen des Rechts des Staates, in dem der Verbraucher seinen gew\u00f6hnlichen Aufenthalt hat, entzogen wird.<br \/>\n6.2 Ferner gilt diese Rechtswahl im Hinblick auf das gesetzliche Widerrufsrecht nicht bei Verbrauchern, die zum Zeitpunkt des Vertragsschlusses keinem Mitgliedstaat der Europ\u00e4ischen Union angeh\u00f6ren und deren alleiniger Wohnsitz und Lieferadresse zum Zeitpunkt des Vertragsschlusses au\u00dferhalb der Europ\u00e4ischen Union liegen.<\/p>\n<p>7) Alternative Streitbeilegung<br \/>\n7.1 Die EU-Kommission stellt im Internet unter folgendem Link eine Plattform zur Online-Streitbeilegung bereit: https:\/\/ec.europa.eu\/consumers\/odr<br \/>\nDiese Plattform dient als Anlaufstelle zur au\u00dfergerichtlichen Beilegung von Streitigkeiten aus Online-Kauf- oder Dienstleistungsvertr\u00e4gen, an denen ein Verbraucher beteiligt ist.<br \/>\n7.2 Der Anbieter ist zur Teilnahme an einem Streitbeilegungsverfahren vor einer Verbraucherschlichtungsstelle weder verpflichtet noch bereit.<\/p>\n<\/div><\/div><\/div><\/div><\/div>\n","protected":false},"excerpt":{"rendered":"","protected":false},"author":1,"featured_media":0,"parent":0,"menu_order":0,"comment_status":"closed","ping_status":"closed","template":"","meta":{"footnotes":""},"class_list":["post-909","page","type-page","status-publish","hentry"],"_links":{"self":[{"href":"https:\/\/www.cosmedic-annabrandt.at\/index.php?rest_route=\/wp\/v2\/pages\/909","targetHints":{"allow":["GET"]}}],"collection":[{"href":"https:\/\/www.cosmedic-annabrandt.at\/index.php?rest_route=\/wp\/v2\/pages"}],"about":[{"href":"https:\/\/www.cosmedic-annabrandt.at\/index.php?rest_route=\/wp\/v2\/types\/page"}],"author":[{"embeddable":true,"href":"https:\/\/www.cosmedic-annabrandt.at\/index.php?rest_route=\/wp\/v2\/users\/1"}],"replies":[{"embeddable":true,"href":"https:\/\/www.cosmedic-annabrandt.at\/index.php?rest_route=%2Fwp%2Fv2%2Fcomments&post=909"}],"version-history":[{"count":1,"href":"https:\/\/www.cosmedic-annabrandt.at\/index.php?rest_route=\/wp\/v2\/pages\/909\/revisions"}],"predecessor-version":[{"id":910,"href":"https:\/\/www.cosmedic-annabrandt.at\/index.php?rest_route=\/wp\/v2\/pages\/909\/revisions\/910"}],"wp:attachment":[{"href":"https:\/\/www.cosmedic-annabrandt.at\/index.php?rest_route=%2Fwp%2Fv2%2Fmedia&parent=909"}],"curies":[{"name":"wp","href":"https:\/\/api.w.org\/{rel}","templated":true}]}}