{"id":924,"date":"2025-07-15T10:22:53","date_gmt":"2025-07-15T10:22:53","guid":{"rendered":"https:\/\/www.cosmedic-annabrandt.at\/?page_id=924"},"modified":"2026-02-28T11:41:08","modified_gmt":"2026-02-28T11:41:08","slug":"infuzion","status":"publish","type":"page","link":"https:\/\/www.cosmedic-annabrandt.at\/?page_id=924","title":{"rendered":"INFUZION\u00ae"},"content":{"rendered":"<p><img decoding=\"async\" class=\"lazyload alignnone size-full wp-image-1257\" src=\"https:\/\/www.cosmedic-annabrandt.at\/wp-content\/uploads\/2026\/02\/IMG_0555-scaled.jpeg\" data-orig-src=\"https:\/\/www.cosmedic-annabrandt.at\/wp-content\/uploads\/2026\/02\/IMG_0555-scaled.jpeg\" alt=\"\" width=\"1707\" height=\"2560\" srcset=\"data:image\/svg+xml,%3Csvg%20xmlns%3D%27http%3A%2F%2Fwww.w3.org%2F2000%2Fsvg%27%20width%3D%271707%27%20height%3D%272560%27%20viewBox%3D%270%200%201707%202560%27%3E%3Crect%20width%3D%271707%27%20height%3D%272560%27%20fill-opacity%3D%220%22%2F%3E%3C%2Fsvg%3E\" data-srcset=\"https:\/\/www.cosmedic-annabrandt.at\/wp-content\/uploads\/2026\/02\/IMG_0555-200x300.jpeg 200w, https:\/\/www.cosmedic-annabrandt.at\/wp-content\/uploads\/2026\/02\/IMG_0555-400x600.jpeg 400w, https:\/\/www.cosmedic-annabrandt.at\/wp-content\/uploads\/2026\/02\/IMG_0555-600x900.jpeg 600w, https:\/\/www.cosmedic-annabrandt.at\/wp-content\/uploads\/2026\/02\/IMG_0555-683x1024.jpeg 683w, https:\/\/www.cosmedic-annabrandt.at\/wp-content\/uploads\/2026\/02\/IMG_0555-768x1152.jpeg 768w, https:\/\/www.cosmedic-annabrandt.at\/wp-content\/uploads\/2026\/02\/IMG_0555-800x1200.jpeg 800w, https:\/\/www.cosmedic-annabrandt.at\/wp-content\/uploads\/2026\/02\/IMG_0555-1024x1536.jpeg 1024w, https:\/\/www.cosmedic-annabrandt.at\/wp-content\/uploads\/2026\/02\/IMG_0555-1200x1800.jpeg 1200w, https:\/\/www.cosmedic-annabrandt.at\/wp-content\/uploads\/2026\/02\/IMG_0555-1365x2048.jpeg 1365w, https:\/\/www.cosmedic-annabrandt.at\/wp-content\/uploads\/2026\/02\/IMG_0555-scaled.jpeg 1707w\" data-sizes=\"auto\" data-orig-sizes=\"(max-width: 1707px) 100vw, 1707px\" \/><\/p>\n<p><strong>Infuzion\u00ae Boozter 219\u20ac<\/strong><\/p>\n<div class=\"page\" title=\"Page 7\">\n<div class=\"layoutArea\">\n<div class=\"column\">\n<p>Der BOOZTER (5 ml) entha\u0308lt Hyaluronsa\u0308ure angereichert mit Vitaminen und Antioxidantien.<\/p>\n<p>Vorteile Infuzion\u00ae Boozter Behandlung mit Hyalurons\u00e4ure (Molek\u00fcl-Gr\u00f6\u00dfe 1 Mio. Dalton)<\/p>\n<ul>\n<li>fu\u0308llt die Haut gleichma\u0308\u00dfig mit Hyaluronsa\u0308ure und Aminosa\u0308uren auf<\/li>\n<li>verleiht der Haut einen strahlenden Teint<\/li>\n<li>versorgt die Haut intensiv mit Feuchtigkeit<\/li>\n<\/ul>\n<\/div>\n<\/div>\n<\/div>\n<p>Merkmale der Behandlung: 1. und 2. Kurbehandlung bei einer 3-er Kur (3. kann eine Volymizer Behandlung sein)<\/p>\n<p><strong>Infuzion\u00ae Boozter Maxi 349\u20ac<\/strong><\/p>\n<p>Infuzion Boozter f\u00fcr 3 Zonen: Gesicht, Hals und Dekollet\u00e9 mit 2 Boozter \u00e1 5 ml<\/p>\n<p><strong>Infuzion\u00ae Volymizer 249\u20ac<\/strong><\/p>\n<div class=\"page\" title=\"Page 8\">\n<div class=\"layoutArea\">\n<div class=\"column\">\n<p>Der VOLYMIZER (3 ml) entha\u0308lt reine Hyaluronsa\u0308ure (Molek\u00fcl-Gr\u00f6\u00dfe 3 Mio. Dalton) und bietet eine volumenspendende Wirkung, ohne zu vernetzen.<\/p>\n<p>Vorteile Infuzion\u00ae Volymizer Behandlung<\/p>\n<ul>\n<li>verleiht Bereichen wie Wangen, Kinn und Augenpartie zusa\u0308tzliches Volumen<\/li>\n<li>vollendet das Ergebnis der Boozter Behandlung<\/li>\n<\/ul>\n<\/div>\n<\/div>\n<\/div>\n<p>Merkmale der Behandlung: 3. Kurbehandlung bei einer 3-er Kur oder Auffrischungsbehandlung<\/p>\n<p><strong>Infuzion\u00ae CBD 219\u20ac<\/strong><\/p>\n<div class=\"page\" title=\"Page 9\">\n<div class=\"layoutArea\">\n<div class=\"column\">\n<p>Der CBD Skin Balanz (5ml) enth\u00e4lt Cannabidiol als Hauptwirkstoff, der entzu\u0308ndungshemmende und heilende Eigenschaften hat.<\/p>\n<p>Vorteile Infuzion\u00ae CBD Skin Balanz Behandlung<\/p>\n<ul>\n<li>st\u00e4rkt allgemein die Haut<\/li>\n<li>verlangsamt die Zeichen von Hautalterung<\/li>\n<li>eine fantastische Anti-Aging-Behandlung, die durch die starken antioxidativen Eigenschaften freie Radikale stoppt<\/li>\n<li>vorla\u0308ufige Forschungsergebnisse zeigen, dass CBD insbesondere Bakterien abto\u0308ten kann, die Akne verursachen<\/li>\n<li>hilft, die Haut mit Feuchtigkeit zu versorgen und reduziert dadurch Trockenheit<\/li>\n<li>die natu\u0308rliche Fa\u0308higkeit der Haut wird unterstu\u0308tzt, ein gutes Feuchtigkeitsniveau aufrechtzuerhalten, um so die Hautbarriere zu sta\u0308rken<\/li>\n<li>CBD reguliert nachweislich die Talgproduktion der Haut und balanciert diese aus<\/li>\n<\/ul>\n<\/div>\n<\/div>\n<\/div>\n<p>Merkmale der Behandlung: 1.-3. Kurbehandlung bei einer 3-er Kur einer empfindlicher Haut, einer Mischhaut und zur Akne neigender Haut<\/p>\n<p><strong>Multifuzion HF 299\u20ac<\/strong><\/p>\n<p>Infuzion\u00ae BOOZTER Behandlung mit HydraFacial\u00ae Reinigung, die direkt davor stattfindet (bei der ersten Behandlung <strong>besonders<\/strong> empfohlen, wenn die Haut stark\u00a0 verhornt ist und deutliche Ablagerungen in den Talgdr\u00fcsen aufweist)<\/p>\n<p>Vorteile der Behandlung:<\/p>\n<ul>\n<li>gr\u00fcndlich gereinigte Haut, die hervorragend aufnahmef\u00e4hig ist<\/li>\n<li>bessere Wirkstoff-Penetration und Verteilung der Hyalurons\u00e4ure in der Haut<\/li>\n<li>l\u00e4nger anhaltendes Ergebnis<\/li>\n<\/ul>\n<p>Merkmale der Behandlung: bei der 1. Boozter Behandlung als Start in die 3-er Kur<\/p>\n<p><strong>Multifuzion MN 319\u20ac<\/strong><\/p>\n<p>Infuzion\u00ae BOOZTER Behandlung mit SkinPen\u00ae Microneedling, die direkt davor stattfindet, um die Haut zu lockern und aufnahmef\u00e4higer f\u00fcr die Wirkstoffe zu machen.<\/p>\n<p>Vorteile der Behandlung:<\/p>\n<ul>\n<li>deutlich bessere Aufnahme der Hyalurons\u00e4ure<\/li>\n<li>mehr sofortiges Volumen<\/li>\n<li>l\u00e4nger anhaltendes Ergebnis<\/li>\n<\/ul>\n<p>Merkmale der Behandlung: bei der 1. Boozter Behandlung als Start in die 3-er Kur<\/p>\n<p>Beim Kauf einer 3- er* im Voraus erh\u00e4ltst Du 10 % Rabatt!<\/p>\n<p>* zum regul\u00e4ren Preis<\/p>\n<p>&nbsp;<\/p>\n<p>&nbsp;<\/p>\n","protected":false},"excerpt":{"rendered":"<p>Infuzion\u00ae Boozter 219\u20ac Der BOOZTER (5 ml) entha\u0308lt Hyaluronsa\u0308ure angereichert [&hellip;]<\/p>\n","protected":false},"author":1,"featured_media":0,"parent":916,"menu_order":0,"comment_status":"closed","ping_status":"closed","template":"","meta":{"footnotes":""},"class_list":["post-924","page","type-page","status-publish","hentry"],"_links":{"self":[{"href":"https:\/\/www.cosmedic-annabrandt.at\/index.php?rest_route=\/wp\/v2\/pages\/924","targetHints":{"allow":["GET"]}}],"collection":[{"href":"https:\/\/www.cosmedic-annabrandt.at\/index.php?rest_route=\/wp\/v2\/pages"}],"about":[{"href":"https:\/\/www.cosmedic-annabrandt.at\/index.php?rest_route=\/wp\/v2\/types\/page"}],"author":[{"embeddable":true,"href":"https:\/\/www.cosmedic-annabrandt.at\/index.php?rest_route=\/wp\/v2\/users\/1"}],"replies":[{"embeddable":true,"href":"https:\/\/www.cosmedic-annabrandt.at\/index.php?rest_route=%2Fwp%2Fv2%2Fcomments&post=924"}],"version-history":[{"count":5,"href":"https:\/\/www.cosmedic-annabrandt.at\/index.php?rest_route=\/wp\/v2\/pages\/924\/revisions"}],"predecessor-version":[{"id":1260,"href":"https:\/\/www.cosmedic-annabrandt.at\/index.php?rest_route=\/wp\/v2\/pages\/924\/revisions\/1260"}],"up":[{"embeddable":true,"href":"https:\/\/www.cosmedic-annabrandt.at\/index.php?rest_route=\/wp\/v2\/pages\/916"}],"wp:attachment":[{"href":"https:\/\/www.cosmedic-annabrandt.at\/index.php?rest_route=%2Fwp%2Fv2%2Fmedia&parent=924"}],"curies":[{"name":"wp","href":"https:\/\/api.w.org\/{rel}","templated":true}]}}