{"id":926,"date":"2025-07-15T10:23:25","date_gmt":"2025-07-15T10:23:25","guid":{"rendered":"https:\/\/www.cosmedic-annabrandt.at\/?page_id=926"},"modified":"2026-03-01T19:20:11","modified_gmt":"2026-03-01T19:20:11","slug":"jetpeel","status":"publish","type":"page","link":"https:\/\/www.cosmedic-annabrandt.at\/?page_id=926","title":{"rendered":"JetPeel\u2122"},"content":{"rendered":"<p><div class=\"fusion-fullwidth fullwidth-box fusion-builder-row-1 fusion-flex-container has-pattern-background has-mask-background nonhundred-percent-fullwidth non-hundred-percent-height-scrolling\" style=\"--awb-border-radius-top-left:0px;--awb-border-radius-top-right:0px;--awb-border-radius-bottom-right:0px;--awb-border-radius-bottom-left:0px;--awb-flex-wrap:wrap;\" ><div class=\"fusion-builder-row fusion-row fusion-flex-align-items-flex-start fusion-flex-content-wrap\" style=\"max-width:1144px;margin-left: calc(-4% \/ 2 );margin-right: calc(-4% \/ 2 );\"><div class=\"fusion-layout-column fusion_builder_column fusion-builder-column-0 fusion_builder_column_1_1 1_1 fusion-flex-column\" style=\"--awb-bg-size:cover;--awb-width-large:100%;--awb-margin-top-large:15px;--awb-spacing-right-large:1.92%;--awb-margin-bottom-large:15px;--awb-spacing-left-large:1.92%;--awb-width-medium:100%;--awb-order-medium:0;--awb-spacing-right-medium:1.92%;--awb-spacing-left-medium:1.92%;--awb-width-small:100%;--awb-order-small:0;--awb-spacing-right-small:1.92%;--awb-spacing-left-small:1.92%;\"><div class=\"fusion-column-wrapper fusion-column-has-shadow fusion-flex-justify-content-flex-start fusion-content-layout-column\"><div class=\"fusion-title title fusion-title-1 fusion-sep-none fusion-title-text fusion-title-size-one\"><h1 class=\"fusion-title-heading title-heading-left fusion-responsive-typography-calculated\" style=\"margin:0;--fontSize:106;line-height:var(--awb-typography1-line-height);\">JetPeel\u2122 &#8211; jetzt mit LED Power als<\/h1><\/div><div class=\"fusion-image-element \" style=\"--awb-caption-title-font-family:var(--h2_typography-font-family);--awb-caption-title-font-weight:var(--h2_typography-font-weight);--awb-caption-title-font-style:var(--h2_typography-font-style);--awb-caption-title-size:var(--h2_typography-font-size);--awb-caption-title-transform:var(--h2_typography-text-transform);--awb-caption-title-line-height:var(--h2_typography-line-height);--awb-caption-title-letter-spacing:var(--h2_typography-letter-spacing);\"><span class=\" fusion-imageframe imageframe-none imageframe-1 hover-type-none\"><img decoding=\"async\" src=\"data:image\/gif;base64,R0lGODlhAQABAAAAACH5BAEKAAEALAAAAAABAAEAAAICTAEAOw==\" data-orig-src=\"https:\/\/www.cosmedic-annabrandt.at\/wp-content\/uploads\/2023\/10\/JetPro-DUO-Logo-Landsberg-Black-scaled.jpg\" alt class=\"lazyload img-responsive\"\/><\/span><\/div><div class=\"fusion-image-carousel fusion-image-carousel-auto fusion-image-carousel-1 fusion-carousel-border\"><div class=\"awb-carousel awb-swiper awb-swiper-carousel\" data-autoplay=\"no\" data-columns=\"5\" data-itemmargin=\"13\" data-itemwidth=\"180\" data-touchscroll=\"no\" data-imagesize=\"auto\"><div class=\"swiper-wrapper awb-image-carousel-wrapper fusion-flex-align-items-center\"><div class=\"swiper-slide\"><div class=\"fusion-carousel-item-wrapper\"><div class=\"fusion-image-wrapper hover-type-none\"><img decoding=\"async\" class=\"lazyload\" src=\"data:image\/gif;base64,R0lGODlhAQABAAAAACH5BAEKAAEALAAAAAABAAEAAAICTAEAOw==\" data-orig-src=\"https:\/\/www.cosmedic-annabrandt.at\/wp-content\/uploads\/2024\/06\/JetPeel-JetProDUO-LED-Blue-Light1.jpg\" alt=\"\"\/><\/div><\/div><\/div><\/div><div class=\"awb-swiper-button awb-swiper-button-prev\"><i class=\"awb-icon-angle-left\" aria-hidden=\"true\"><\/i><\/div><div class=\"awb-swiper-button awb-swiper-button-next\"><i class=\"awb-icon-angle-right\" aria-hidden=\"true\"><\/i><\/div><\/div><\/div><\/div><\/div><\/div><\/div><div class=\"fusion-fullwidth fullwidth-box fusion-builder-row-2 fusion-flex-container has-pattern-background has-mask-background nonhundred-percent-fullwidth non-hundred-percent-height-scrolling\" style=\"--awb-border-radius-top-left:0px;--awb-border-radius-top-right:0px;--awb-border-radius-bottom-right:0px;--awb-border-radius-bottom-left:0px;--awb-flex-wrap:wrap;\" ><div class=\"fusion-builder-row fusion-row fusion-flex-align-items-flex-start fusion-flex-content-wrap\" style=\"max-width:1144px;margin-left: calc(-4% \/ 2 );margin-right: calc(-4% \/ 2 );\"><div class=\"fusion-layout-column fusion_builder_column fusion-builder-column-1 fusion_builder_column_1_1 1_1 fusion-flex-column\" style=\"--awb-bg-size:cover;--awb-width-large:100%;--awb-margin-top-large:15px;--awb-spacing-right-large:1.92%;--awb-margin-bottom-large:15px;--awb-spacing-left-large:1.92%;--awb-width-medium:100%;--awb-order-medium:0;--awb-spacing-right-medium:1.92%;--awb-spacing-left-medium:1.92%;--awb-width-small:100%;--awb-order-small:0;--awb-spacing-right-small:1.92%;--awb-spacing-left-small:1.92%;\"><div class=\"fusion-column-wrapper fusion-column-has-shadow fusion-flex-justify-content-flex-start fusion-content-layout-column\"><div class=\"fusion-text fusion-text-1\"><h3>JetPeel\u2122 JetPro DUO Basic 189\u20ac<\/h3>\n<p>Sanfte feuchtigkeitsspendende Gesichtsreinigung und Pflegebehandlung der Haut mit JetPeel\u2122 inkl. Lymphdrainage, Hydro- und Photoporation, meist mit blauem, gr\u00fcnem, gelb-gr\u00fcnem oder amberfarbenem LED-Licht. Empfohlen f\u00fcr eine normale, feuchtigkeitsarme, sehr trockene und oder zu Ekzemen neigende Haut.<\/p>\n<p>Je nach Hautzustand mit Pr\u00e4-Aging Fokus oder zur Beruhigung der Haut mit stark bes\u00e4nftigenden JetCare Wirkseren.<\/p>\n<p>Eine sehr gute Wahl, um JetPeel\u2122 kennenzulernen!<\/p>\n<\/div><div ><a class=\"fusion-button button-flat fusion-button-default-size button-custom fusion-button-default button-1 fusion-button-default-span fusion-button-default-type\" style=\"--button_accent_color:var(--awb-color1);--button_accent_hover_color:var(--awb-color1);--button_border_hover_color:var(--awb-color1);--button_gradient_top_color:var(--awb-color4);--button_gradient_bottom_color:var(--awb-color4);--button_gradient_top_color_hover:hsla(var(--awb-color4-h),var(--awb-color4-s),calc(var(--awb-color4-l) - 10%),var(--awb-color4-a));--button_gradient_bottom_color_hover:hsla(var(--awb-color4-h),var(--awb-color4-s),calc(var(--awb-color4-l) - 10%),var(--awb-color4-a));width:calc(100%);\" target=\"_self\" href=\"https:\/\/connect.shore.com\/bookings\/cosmedic-anna-brandt\/direct\/ccf422d4-e8a1-46cc-b62b-fc455bbbdf79?utm_source=direct-booking-service-link\"><span class=\"fusion-button-text\">Jetzt buchen<\/span><\/a><\/div><div class=\"fusion-text fusion-text-2\"><h3>JetPeel\u2122 JetPro DUO Medium 219\u20ac<\/h3>\n<p>Intensive JetPeel\u2122 Reinigungs- und Pflegebehandlung inkl. Lymphdrainage und Hydro- und Photoporation, meist mit gr\u00fcnem, amberfarbenem oder rotem LED-Licht. Je nach Hautzustand k\u00f6nnen hier AHAs und BHAs miteinander kombiniert werden, um eine besonders tiefe Wirkung der Wirkstoffe in der Haut zu gew\u00e4hrleisten. Sehr gut f\u00fcr normale, stabile und JetPeel\u2122 Freunde empfohlen, um den Anfang zur Anti-Aging Pflegebehandlung zu machen.<\/p>\n<\/div><div ><a class=\"fusion-button button-flat fusion-button-default-size button-custom fusion-button-default button-2 fusion-button-default-span fusion-button-default-type\" style=\"--button_accent_color:var(--awb-color1);--button_accent_hover_color:var(--awb-color1);--button_border_hover_color:var(--awb-color1);--button_gradient_top_color:var(--awb-color4);--button_gradient_bottom_color:var(--awb-color4);--button_gradient_top_color_hover:hsla(var(--awb-color4-h),var(--awb-color4-s),calc(var(--awb-color4-l) - 10%),var(--awb-color4-a));--button_gradient_bottom_color_hover:hsla(var(--awb-color4-h),var(--awb-color4-s),calc(var(--awb-color4-l) - 10%),var(--awb-color4-a));width:calc(100%);\" target=\"_self\" href=\"https:\/\/connect.shore.com\/bookings\/cosmedic-anna-brandt\/direct\/620b8aa4-9b39-4c24-84c1-388ccf83f947?utm_source=direct-booking-service-link\"><span class=\"fusion-button-text\">Jetzt buchen<\/span><\/a><\/div><div class=\"fusion-text fusion-text-3\"><h3>JetPeel\u2122 JetPro DUO Deluxe 249\u20ac<\/h3>\n<p>Besonders intensive JetPeel\u2122 Reinigungs- und Pflegebehandlung inkl. Lymphdrainage, Hydro- und Photoporation der Haut, wobei mehrere AHAs und BHAs Schichten je nach Hautzustand miteinander kombinert werden, um das maximale Behandlungsergebnis zu erreichen. Im Anschlu\u00df werden hochwirksame Anti-Aging Wirkstoffe bei rotem LED-Licht tief in die Haut eingebracht.<\/p>\n<p>F\u00fcr jede Haut empfohlen, die sich einer nachhaltigen Anti-Aging Pflege widmen m\u00f6chte.<\/p>\n<\/div><div ><a class=\"fusion-button button-flat fusion-button-default-size button-custom fusion-button-default button-3 fusion-button-default-span fusion-button-default-type\" style=\"--button_accent_color:var(--awb-color1);--button_accent_hover_color:var(--awb-color1);--button_border_hover_color:var(--awb-color1);--button_gradient_top_color:var(--awb-color4);--button_gradient_bottom_color:var(--awb-color4);--button_gradient_top_color_hover:hsla(var(--awb-color4-h),var(--awb-color4-s),calc(var(--awb-color4-l) - 10%),var(--awb-color4-a));--button_gradient_bottom_color_hover:hsla(var(--awb-color4-h),var(--awb-color4-s),calc(var(--awb-color4-l) - 10%),var(--awb-color4-a));width:calc(100%);\" target=\"_self\" href=\"https:\/\/connect.shore.com\/bookings\/cosmedic-anna-brandt\/direct\/af4ce1b4-f166-40d0-b63e-aae90f500454?utm_source=direct-booking-service-link\"><span class=\"fusion-button-text\">Jetzt buchen<\/span><\/a><\/div><div class=\"fusion-text fusion-text-4\"><h3>JetPeel\u2122 JetPro DUO MED 349\u20ac<\/h3>\n<p>Eine intensive, stark hautn\u00e4hrende Gesichtsbehandlung mit JetPeel\u2122 JetPro DUO und dem revolution\u00e4ren Wirkstoff JetCare\u2122 MED, der eine hochkonzentrierte Osmolyt-Formulierung mit modernster JetPeel\u2122-Technologie beinhaltet und somit f\u00fcr sofort sichtbare Ergebnisse bei Falten, Hautdichte, Elastizit\u00e4t und Glow sorgt. Die Behandlung startet mit Lymphdrainage, gefolgt von Schichten der AHAs und BHAs bis hin zur Hydro- und Photoporation auf h\u00f6chstem Niveu. Dank optimaler Synergie mit hochwirksamen Aktivstoffen verbessern die Osmolyte bei dieser anspruchsvollen JetPeel\u2122 Behandlung die Hydration, stabilisieren Peptide und f\u00f6rdern die Bioverf\u00fcgbarkeit der Wirkseren sowie die Aufnahmef\u00e4higkeit der Haut \u2013 f\u00fcr eine gezielte, enorm effektive Hautregeneration und sichtbare Hautverj\u00fcngung.<\/p>\n<\/div><div ><a class=\"fusion-button button-flat fusion-button-default-size button-custom fusion-button-default button-4 fusion-button-default-span fusion-button-default-type\" style=\"--button_accent_color:var(--awb-color1);--button_accent_hover_color:var(--awb-color1);--button_border_hover_color:var(--awb-color1);--button_gradient_top_color:var(--awb-color4);--button_gradient_bottom_color:var(--awb-color4);--button_gradient_top_color_hover:hsla(var(--awb-color4-h),var(--awb-color4-s),calc(var(--awb-color4-l) - 10%),var(--awb-color4-a));--button_gradient_bottom_color_hover:hsla(var(--awb-color4-h),var(--awb-color4-s),calc(var(--awb-color4-l) - 10%),var(--awb-color4-a));width:calc(100%);\" target=\"_self\" href=\"https:\/\/connect.shore.com\/bookings\/cosmedic-anna-brandt\/direct\/54df88e4-4e16-409e-a702-28e966b0ea3e?utm_source=direct-booking-service-link\"><span class=\"fusion-button-text\">Jetzt buchen<\/span><\/a><\/div><\/div><\/div><\/div><\/div><div class=\"fusion-fullwidth fullwidth-box fusion-builder-row-3 fusion-flex-container has-pattern-background has-mask-background nonhundred-percent-fullwidth non-hundred-percent-height-scrolling\" style=\"--awb-border-radius-top-left:0px;--awb-border-radius-top-right:0px;--awb-border-radius-bottom-right:0px;--awb-border-radius-bottom-left:0px;--awb-flex-wrap:wrap;\" ><div class=\"fusion-builder-row fusion-row fusion-flex-align-items-flex-start fusion-flex-content-wrap\" style=\"max-width:1144px;margin-left: calc(-4% \/ 2 );margin-right: calc(-4% \/ 2 );\"><div class=\"fusion-layout-column fusion_builder_column fusion-builder-column-2 fusion_builder_column_1_1 1_1 fusion-flex-column\" style=\"--awb-bg-size:cover;--awb-width-large:100%;--awb-margin-top-large:15px;--awb-spacing-right-large:1.92%;--awb-margin-bottom-large:15px;--awb-spacing-left-large:1.92%;--awb-width-medium:100%;--awb-order-medium:0;--awb-spacing-right-medium:1.92%;--awb-spacing-left-medium:1.92%;--awb-width-small:100%;--awb-order-small:0;--awb-spacing-right-small:1.92%;--awb-spacing-left-small:1.92%;\"><div class=\"fusion-column-wrapper fusion-column-has-shadow fusion-flex-justify-content-flex-start fusion-content-layout-column\"><div class=\"fusion-image-carousel fusion-image-carousel-auto fusion-image-carousel-2 fusion-carousel-border\"><div class=\"awb-carousel awb-swiper awb-swiper-carousel\" data-autoplay=\"no\" data-columns=\"5\" data-itemmargin=\"13\" data-itemwidth=\"180\" data-touchscroll=\"no\" data-imagesize=\"auto\"><div class=\"swiper-wrapper awb-image-carousel-wrapper fusion-flex-align-items-center\"><div class=\"swiper-slide\"><div class=\"fusion-carousel-item-wrapper\"><div class=\"fusion-image-wrapper hover-type-none\"><img decoding=\"async\" width=\"1708\" height=\"2560\" src=\"https:\/\/www.cosmedic-annabrandt.at\/wp-content\/uploads\/2026\/03\/Hydrinity-Retaxome-Shelf-Packshot-001-LT-Blue-scaled.jpg\" class=\"attachment-full size-full lazyload\" alt=\"\" srcset=\"data:image\/svg+xml,%3Csvg%20xmlns%3D%27http%3A%2F%2Fwww.w3.org%2F2000%2Fsvg%27%20width%3D%271708%27%20height%3D%272560%27%20viewBox%3D%270%200%201708%202560%27%3E%3Crect%20width%3D%271708%27%20height%3D%272560%27%20fill-opacity%3D%220%22%2F%3E%3C%2Fsvg%3E\" data-orig-src=\"https:\/\/www.cosmedic-annabrandt.at\/wp-content\/uploads\/2026\/03\/Hydrinity-Retaxome-Shelf-Packshot-001-LT-Blue-scaled.jpg\" data-srcset=\"https:\/\/www.cosmedic-annabrandt.at\/wp-content\/uploads\/2026\/03\/Hydrinity-Retaxome-Shelf-Packshot-001-LT-Blue-200x300.jpg 200w, https:\/\/www.cosmedic-annabrandt.at\/wp-content\/uploads\/2026\/03\/Hydrinity-Retaxome-Shelf-Packshot-001-LT-Blue-400x600.jpg 400w, https:\/\/www.cosmedic-annabrandt.at\/wp-content\/uploads\/2026\/03\/Hydrinity-Retaxome-Shelf-Packshot-001-LT-Blue-600x900.jpg 600w, https:\/\/www.cosmedic-annabrandt.at\/wp-content\/uploads\/2026\/03\/Hydrinity-Retaxome-Shelf-Packshot-001-LT-Blue-800x1199.jpg 800w, https:\/\/www.cosmedic-annabrandt.at\/wp-content\/uploads\/2026\/03\/Hydrinity-Retaxome-Shelf-Packshot-001-LT-Blue-1200x1799.jpg 1200w, https:\/\/www.cosmedic-annabrandt.at\/wp-content\/uploads\/2026\/03\/Hydrinity-Retaxome-Shelf-Packshot-001-LT-Blue-scaled.jpg 1708w\" data-sizes=\"auto\" \/><\/div><\/div><\/div><div class=\"swiper-slide\"><div class=\"fusion-carousel-item-wrapper\"><div class=\"fusion-image-wrapper hover-type-none\"><img decoding=\"async\" class=\"lazyload\" src=\"data:image\/gif;base64,R0lGODlhAQABAAAAACH5BAEKAAEALAAAAAABAAEAAAICTAEAOw==\" data-orig-src=\"https:\/\/www.cosmedic-annabrandt.at\/wp-content\/uploads\/2024\/06\/JetPeel-JetProDUO-LED-Red-Light-3.jpg\" alt=\"\"\/><\/div><\/div><\/div><\/div><div class=\"awb-swiper-button awb-swiper-button-prev\"><i class=\"awb-icon-angle-left\" aria-hidden=\"true\"><\/i><\/div><div class=\"awb-swiper-button awb-swiper-button-next\"><i class=\"awb-icon-angle-right\" aria-hidden=\"true\"><\/i><\/div><\/div><\/div><div class=\"fusion-text fusion-text-5\"><h3><strong>Gut zu wissen&#8230;<\/strong><\/h3>\n<p><strong>Ablauf einer JetPeel\u2122 JetPro DUO Behandlung:<\/strong><\/p>\n<ul>\n<li>Lymphdrainage<\/li>\n<li>Reinigung<\/li>\n<li>Peeling<\/li>\n<li>Hydroporation &amp; Photoporation<\/li>\n<\/ul>\n<p><strong>F\u00fcr wen eignet sich JetPeel\u2122 JetPro DUO Behandlung: <\/strong><\/p>\n<ul>\n<li>jede feuchtigkeitsarme Haut, die eine sanfte Reinigung braucht<\/li>\n<li>feuchtigkeitsarme trockene schuppige Haut<\/li>\n<li>empfindliche und barrieregest\u00f6rte Haut<\/li>\n<li>zu Neurodermitis neigende Haut<\/li>\n<li>faltige Haut<\/li>\n<li>Pigmentst\u00f6rungen<\/li>\n<\/ul>\n<p><strong>Vorteile von JetPeel\u2122 JetPro DUO Behandlung:<\/strong><\/p>\n<ul>\n<li>5 in 1: Lymphdrainage, Exfoliation, Infusion, K\u00e4lte- &amp; Lichtbehandlung<\/li>\n<li>nicht-invasive Behandlung<\/li>\n<li>sofort sichtbare Effekte ab der ersten Anwendung<\/li>\n<li>durch universit\u00e4re klinische Studien wissenschaftlich best\u00e4tigt<\/li>\n<li>patentierte Technologie<\/li>\n<li>effektive und reproduzierbare Ergebnisse<\/li>\n<li>die Hautbarriere bleibt zu 100% intakt<\/li>\n<li>keine Ausfallzeiten<\/li>\n<li>ganzj\u00e4hrig einsetzbar, f\u00fcr alle Hauttypen<\/li>\n<li>ohne Skin Memory Effekt<\/li>\n<\/ul>\n<p><strong>Kontraindikationen:\u00a0<\/strong><\/p>\n<ul>\n<li>Schwangerschaft und Stillzeit<\/li>\n<li>Empfindlichkeit gegen\u00fcber von Salizyl- und\/oder Glykols\u00e4ure<\/li>\n<li>in weniger als 2 Wochen zuvor Filler- oder Botoxunterspritzungen<\/li>\n<\/ul>\n<\/div><\/div><\/div><\/div><\/div><div class=\"fusion-fullwidth fullwidth-box fusion-builder-row-4 fusion-flex-container has-pattern-background has-mask-background nonhundred-percent-fullwidth non-hundred-percent-height-scrolling\" style=\"--awb-border-radius-top-left:0px;--awb-border-radius-top-right:0px;--awb-border-radius-bottom-right:0px;--awb-border-radius-bottom-left:0px;--awb-flex-wrap:wrap;\" ><div class=\"fusion-builder-row fusion-row fusion-flex-align-items-flex-start fusion-flex-content-wrap\" style=\"max-width:1144px;margin-left: calc(-4% \/ 2 );margin-right: calc(-4% \/ 2 );\"><div class=\"fusion-layout-column fusion_builder_column fusion-builder-column-3 fusion_builder_column_1_1 1_1 fusion-flex-column\" style=\"--awb-bg-size:cover;--awb-width-large:100%;--awb-margin-top-large:15px;--awb-spacing-right-large:1.92%;--awb-margin-bottom-large:15px;--awb-spacing-left-large:1.92%;--awb-width-medium:100%;--awb-order-medium:0;--awb-spacing-right-medium:1.92%;--awb-spacing-left-medium:1.92%;--awb-width-small:100%;--awb-order-small:0;--awb-spacing-right-small:1.92%;--awb-spacing-left-small:1.92%;\"><div class=\"fusion-column-wrapper fusion-column-has-shadow fusion-flex-justify-content-flex-start fusion-content-layout-column\"><div class=\"fusion-title title fusion-title-2 fusion-sep-none fusion-title-text fusion-title-size-one\"><h1 class=\"fusion-title-heading title-heading-left fusion-responsive-typography-calculated\" style=\"margin:0;--fontSize:106;line-height:var(--awb-typography1-line-height);\">FAQ<\/h1><\/div><div class=\"fusion-text fusion-text-6\"><p class=\"p1\"><strong>1. Was ist eine JetPeel\u2122 JetPro DUO Behandlung?<\/strong><\/p>\n<p class=\"p1\"><span class=\"Apple-converted-space\">\u00a0 \u00a0Eine<\/span> JetPeel\u2122 JetPro DUO Behandlung ist eine apparative nicht-invasive Hautpflegeanwendung, bei der in einem Schritt spezielle Seren mit Hochdruck in die Haut eingebracht werden (Hydroporation) und die Haut mit LED Licht &#8211; rot oder blau &#8211; je nach Hautzustand behandelt wird.<\/p>\n<p class=\"p1\"><strong>2. Welche Hautprobleme kann die JetPeel\u2122 JetPro DUO Behandlung ansprechen?<\/strong><\/p>\n<p class=\"p1\"><span class=\"Apple-converted-space\">\u00a0\u00a0 <\/span>JetPeel\u2122 JetPro DUO kann bei beinahe allen Hautbildern eingesetzt werden, darunter unreine Haut, empfindliche und zu Allergien neigende Haut. Besonders geeignet ist die Behandlung zur allgemeinen Hydration der Haut und zum Verfeinern von Linien und F\u00e4ltchen. Auch Pigmentst\u00f6rungen und andere Verf\u00e4rbungen der Haut k\u00f6nnen deutlich verbessert werden.<\/p>\n<p class=\"p1\"><strong>3. Wie funktioniert die JetPeel\u2122 Technologie und was ist JetPro DUO?<\/strong><\/p>\n<p class=\"p1\"><span class=\"Apple-converted-space\">\u00a0 \u00a0Bei JetPeel\u2122 handelt es sich um eine Hydroporationstechnologie mit dem einzigartigen, fein geb\u00fcndelten, kollimierten Hydroporationsstrahl, der<\/span> mit Hochgeschwindigkeit mittels hochwirksamen Fl\u00fcssigkeiten zuerst abgestorbene Hautzellen entfernt und dann Wirkstoffe tief in die Hautschichten einbringt. Bei JetPro DUO wird das tiefenwirksame LED-Licht (rot &#8211; aktivierend, blau &#8211; beruhigend) mit den herausragenden Effekten der Hydroporation gleichzeitig kombiniert. So stellt JetPro DUO eine Hydro- und Photoporation der Haut dar.<\/p>\n<p class=\"p1\"><strong>4. Ist die JetPeel\u2122 JetPro DUO Behandlung schmerzhaft?<\/strong><\/p>\n<p class=\"p1\"><span class=\"Apple-converted-space\">\u00a0\u00a0 <\/span>Die Behandlung ist in der Regel schmerzfrei. Sie ist k\u00fchlend und belebend gleichzeitig.<\/p>\n<p class=\"p1\"><strong>5. Wie lange dauert eine JetPeel\u2122 JetPro DUO Sitzung?<\/strong><\/p>\n<p class=\"p1\"><span class=\"Apple-converted-space\">\u00a0\u00a0 <\/span>Eine Sitzung dauert normalerweise etwa 30 bis 60 Minuten, abh\u00e4ngig von den individuellen Bed\u00fcrfnissen des Kunden und dem Bereich, der behandelt wird.<\/p>\n<p class=\"p1\"><strong>6. Gibt es Ausfallzeiten nach einer JetPeel\u2122 JetPro DUO Behandlung?<\/strong><\/p>\n<p class=\"p1\"><span class=\"Apple-converted-space\">\u00a0\u00a0 <\/span>Nein, es gibt in der Regel keine Ausfallzeiten, sodass Sie nach der Behandlung Ihren normalen Aktivit\u00e4ten nachgehen k\u00f6nnen. Selbst im Sommer ist die Behandlung bedenkenlos.<\/p>\n<p class=\"p1\"><strong>7. Wie oft sollten JetPeel\u2122 JetPro DUO Sitzungen wiederholt werden?<\/strong><\/p>\n<p class=\"p1\"><span class=\"Apple-converted-space\">\u00a0\u00a0 <\/span>Einige sehen bereits nach einer Sitzung Ergebnisse, aber f\u00fcr langfristige Verbesserungen sind mehrere Sitzungen im Abstand von 1-4 Wochen empfohlen.<\/p>\n<p class=\"p1\"><strong>8. Welche Hautpflegeprodukte werden w\u00e4hrend der JetPeel\u2122 JetPro DUO Behandlung verwendet?<\/strong><\/p>\n<p class=\"p1\"><span class=\"Apple-converted-space\">\u00a0\u00a0 <\/span>Spezielle Wirkseren, hier die Original-JetCare Wirkseren, abgestimmt auf die individuellen Hautbed\u00fcrfnisse, werden w\u00e4hrend der Behandlung verwendet.<\/p>\n<p class=\"p1\"><strong>9. Gibt es Kontraindikationen f\u00fcr die JetPeel\u2122 JetPro DUO Behandlung?<\/strong><\/p>\n<p class=\"p1\"><span class=\"Apple-converted-space\">\u00a0\u00a0 <\/span>Personen mit offenen Wunden, Hautinfektionen oder bestimmten Hauterkrankungen sollten die Behandlung vermeiden. Hierzu am besten den Behandler fragen,<\/p>\n<p class=\"p1\"><strong>10. Wer kann JetPeel\u2122 JetPro DUO Behandlungen durchf\u00fchren?<\/strong><\/p>\n<p class=\"p1\"><span class=\"Apple-converted-space\">\u00a0 \u00a0 <\/span>Zertifizierte Hautpflegeexperten, darunter Kosmetikerinnen oder Mediziner mit Erfahrung in \u00e4sthetischen Verfahren sind qualifiziert, diese Behandlungen durchzuf\u00fchren.<\/p>\n<\/div><\/div><\/div><\/div><\/div><\/p>\n","protected":false},"excerpt":{"rendered":"","protected":false},"author":1,"featured_media":0,"parent":916,"menu_order":0,"comment_status":"closed","ping_status":"closed","template":"","meta":{"footnotes":""},"class_list":["post-926","page","type-page","status-publish","hentry"],"_links":{"self":[{"href":"https:\/\/www.cosmedic-annabrandt.at\/index.php?rest_route=\/wp\/v2\/pages\/926","targetHints":{"allow":["GET"]}}],"collection":[{"href":"https:\/\/www.cosmedic-annabrandt.at\/index.php?rest_route=\/wp\/v2\/pages"}],"about":[{"href":"https:\/\/www.cosmedic-annabrandt.at\/index.php?rest_route=\/wp\/v2\/types\/page"}],"author":[{"embeddable":true,"href":"https:\/\/www.cosmedic-annabrandt.at\/index.php?rest_route=\/wp\/v2\/users\/1"}],"replies":[{"embeddable":true,"href":"https:\/\/www.cosmedic-annabrandt.at\/index.php?rest_route=%2Fwp%2Fv2%2Fcomments&post=926"}],"version-history":[{"count":13,"href":"https:\/\/www.cosmedic-annabrandt.at\/index.php?rest_route=\/wp\/v2\/pages\/926\/revisions"}],"predecessor-version":[{"id":1355,"href":"https:\/\/www.cosmedic-annabrandt.at\/index.php?rest_route=\/wp\/v2\/pages\/926\/revisions\/1355"}],"up":[{"embeddable":true,"href":"https:\/\/www.cosmedic-annabrandt.at\/index.php?rest_route=\/wp\/v2\/pages\/916"}],"wp:attachment":[{"href":"https:\/\/www.cosmedic-annabrandt.at\/index.php?rest_route=%2Fwp%2Fv2%2Fmedia&parent=926"}],"curies":[{"name":"wp","href":"https:\/\/api.w.org\/{rel}","templated":true}]}}