{"id":928,"date":"2025-07-15T10:23:48","date_gmt":"2025-07-15T10:23:48","guid":{"rendered":"https:\/\/www.cosmedic-annabrandt.at\/?page_id=928"},"modified":"2026-03-01T19:23:34","modified_gmt":"2026-03-01T19:23:34","slug":"jetpeel-dna-peel","status":"publish","type":"page","link":"https:\/\/www.cosmedic-annabrandt.at\/?page_id=928","title":{"rendered":"GenFactor\u2122"},"content":{"rendered":"<div class=\"fusion-fullwidth fullwidth-box fusion-builder-row-1 fusion-flex-container nonhundred-percent-fullwidth non-hundred-percent-height-scrolling\" style=\"--awb-border-radius-top-left:0px;--awb-border-radius-top-right:0px;--awb-border-radius-bottom-right:0px;--awb-border-radius-bottom-left:0px;--awb-flex-wrap:wrap;\" ><div class=\"fusion-builder-row fusion-row fusion-flex-align-items-flex-start fusion-flex-content-wrap\" style=\"max-width:1144px;margin-left: calc(-4% \/ 2 );margin-right: calc(-4% \/ 2 );\"><div class=\"fusion-layout-column fusion_builder_column fusion-builder-column-0 fusion_builder_column_1_1 1_1 fusion-flex-column\" style=\"--awb-bg-size:cover;--awb-width-large:100%;--awb-margin-top-large:0px;--awb-spacing-right-large:1.92%;--awb-margin-bottom-large:0px;--awb-spacing-left-large:1.92%;--awb-width-medium:100%;--awb-spacing-right-medium:1.92%;--awb-spacing-left-medium:1.92%;--awb-width-small:100%;--awb-spacing-right-small:1.92%;--awb-spacing-left-small:1.92%;\"><div class=\"fusion-column-wrapper fusion-flex-justify-content-flex-start fusion-content-layout-column\"><div class=\"fusion-text fusion-text-1\"><div class=\"flex flex-col text-sm pb-25\">\n<article class=\"text-token-text-primary w-full focus:outline-none &#091;--shadow-height:45px&#093; has-data-writing-block:pointer-events-none has-data-writing-block:-mt-(--shadow-height) has-data-writing-block:pt-(--shadow-height) &#091;&amp;:has(&#091;data-writing-block&#093;)&gt;*&#093;:pointer-events-auto scroll-mt-&#091;calc(var(--header-height)+min(200px,max(70px,20svh)))&#093;\" dir=\"auto\" tabindex=\"-1\" data-turn-id=\"request-699eab61-e374-8393-9235-28930f65a18e-11\" data-testid=\"conversation-turn-20\" data-scroll-anchor=\"true\" data-turn=\"assistant\">\n<div class=\"text-base my-auto mx-auto pb-10 &#091;--thread-content-margin:--spacing(4)&#093; @w-sm\/main:&#091;--thread-content-margin:--spacing(6)&#093; @w-lg\/main:&#091;--thread-content-margin:--spacing(16)&#093; px-(--thread-content-margin)\">\n<div class=\"&#091;--thread-content-max-width:40rem&#093; @w-lg\/main:&#091;--thread-content-max-width:48rem&#093; mx-auto max-w-(--thread-content-max-width) flex-1 group\/turn-messages focus-visible:outline-hidden relative flex w-full min-w-0 flex-col agent-turn\" tabindex=\"-1\">\n<div class=\"flex max-w-full flex-col grow\">\n<div class=\"min-h-8 text-message relative flex w-full flex-col items-end gap-2 text-start break-words whitespace-normal &#091;.text-message+&amp;&#093;:mt-1\" dir=\"auto\" data-message-author-role=\"assistant\" data-message-id=\"05e74bfe-1c4c-4c81-aace-4c1197553060\" data-message-model-slug=\"gpt-5-2\">\n<div class=\"flex w-full flex-col gap-1 empty:hidden first:pt-&#091;1px&#093;\">\n<div class=\"markdown prose dark:prose-invert w-full wrap-break-word light markdown-new-styling\">\n<h1 data-start=\"314\" data-end=\"397\"><img decoding=\"async\" class=\"lazyload alignnone size-full wp-image-1248\" src=\"https:\/\/www.cosmedic-annabrandt.at\/wp-content\/uploads\/2026\/02\/PHOTO-2026-02-26-15-44-07.jpeg\" data-orig-src=\"https:\/\/www.cosmedic-annabrandt.at\/wp-content\/uploads\/2026\/02\/PHOTO-2026-02-26-15-44-07.jpeg\" alt=\"\" width=\"2048\" height=\"1455\" srcset=\"data:image\/svg+xml,%3Csvg%20xmlns%3D%27http%3A%2F%2Fwww.w3.org%2F2000%2Fsvg%27%20width%3D%272048%27%20height%3D%271455%27%20viewBox%3D%270%200%202048%201455%27%3E%3Crect%20width%3D%272048%27%20height%3D%271455%27%20fill-opacity%3D%220%22%2F%3E%3C%2Fsvg%3E\" data-srcset=\"https:\/\/www.cosmedic-annabrandt.at\/wp-content\/uploads\/2026\/02\/PHOTO-2026-02-26-15-44-07-200x142.jpeg 200w, https:\/\/www.cosmedic-annabrandt.at\/wp-content\/uploads\/2026\/02\/PHOTO-2026-02-26-15-44-07-300x214.jpeg 300w, https:\/\/www.cosmedic-annabrandt.at\/wp-content\/uploads\/2026\/02\/PHOTO-2026-02-26-15-44-07-400x284.jpeg 400w, https:\/\/www.cosmedic-annabrandt.at\/wp-content\/uploads\/2026\/02\/PHOTO-2026-02-26-15-44-07-600x426.jpeg 600w, https:\/\/www.cosmedic-annabrandt.at\/wp-content\/uploads\/2026\/02\/PHOTO-2026-02-26-15-44-07-768x546.jpeg 768w, https:\/\/www.cosmedic-annabrandt.at\/wp-content\/uploads\/2026\/02\/PHOTO-2026-02-26-15-44-07-800x568.jpeg 800w, https:\/\/www.cosmedic-annabrandt.at\/wp-content\/uploads\/2026\/02\/PHOTO-2026-02-26-15-44-07-1024x728.jpeg 1024w, https:\/\/www.cosmedic-annabrandt.at\/wp-content\/uploads\/2026\/02\/PHOTO-2026-02-26-15-44-07-1200x853.jpeg 1200w, https:\/\/www.cosmedic-annabrandt.at\/wp-content\/uploads\/2026\/02\/PHOTO-2026-02-26-15-44-07-1536x1091.jpeg 1536w, https:\/\/www.cosmedic-annabrandt.at\/wp-content\/uploads\/2026\/02\/PHOTO-2026-02-26-15-44-07.jpeg 2048w\" data-sizes=\"auto\" data-orig-sizes=\"(max-width: 2048px) 100vw, 2048px\" \/>GenFactor\u2122<\/h1>\n<h3 data-start=\"314\" data-end=\"397\">\u2013 Innovative Narbenbehandlung &amp; Hautregeneration mit Wachstumsfaktoren<\/h3>\n<h4>Narbenbehandlung ohne Laser, ohne Schmerzen!<\/h4>\n<p data-start=\"399\" data-end=\"725\"><strong data-start=\"399\" data-end=\"413\">GenFactor\u2122<\/strong>\u00a0ist ein modernes System zur <strong data-start=\"442\" data-end=\"483\">Hautregeneration und Narbenbehandlung<\/strong>, das auf bioaktiven Wachstumsfaktoren, Peptiden und regenerativen Proteinen basiert. Die Behandlung unterst\u00fctzt gezielt die nat\u00fcrliche Kollagenbildung, verbessert die Hautstruktur und f\u00f6rdert die sichtbare Erneuerung gesch\u00e4digter Hautareale.<\/p>\n<p data-start=\"727\" data-end=\"888\">Ob <strong data-start=\"730\" data-end=\"782\">Aknenarben, OP-Narben oder Hautstrukturst\u00f6rungen<\/strong> \u2013 GenFactor\u2122 aktiviert k\u00f6rpereigene Reparaturmechanismen und kann die Hautqualit\u00e4t nachhaltig verbessern.<\/p>\n<p data-start=\"895\" data-end=\"930\"><strong>Wie wirkt GenFactor\u2122 bei Narben?<\/strong><\/p>\n<p data-start=\"932\" data-end=\"1046\">Narben entstehen durch eine ver\u00e4nderte Kollagenstruktur im Bindegewebe. Das GenFactor\u00ae-System setzt genau hier an:<\/p>\n<ul data-start=\"1048\" data-end=\"1303\">\n<li data-start=\"1048\" data-end=\"1101\">\n<p data-start=\"1050\" data-end=\"1101\">Stimulation der <strong data-start=\"1066\" data-end=\"1101\">Kollagen- und Elastinproduktion<\/strong><\/p>\n<\/li>\n<li data-start=\"1102\" data-end=\"1152\">\n<p data-start=\"1104\" data-end=\"1152\">Aktivierung von Fibroblasten (Bindegewebszellen)<\/p>\n<\/li>\n<li data-start=\"1153\" data-end=\"1187\">\n<p data-start=\"1155\" data-end=\"1187\">Unterst\u00fctzung der Zellneubildung<\/p>\n<\/li>\n<li data-start=\"1188\" data-end=\"1220\">\n<p data-start=\"1190\" data-end=\"1220\">F\u00f6rderung der Hautregeneration<\/p>\n<\/li>\n<li data-start=\"1221\" data-end=\"1255\">\n<p data-start=\"1223\" data-end=\"1255\">Verbesserung der Hautelastizit\u00e4t<\/p>\n<\/li>\n<li data-start=\"1256\" data-end=\"1303\">\n<p data-start=\"1258\" data-end=\"1303\">Reduktion von R\u00f6tungen und Unregelm\u00e4\u00dfigkeiten<\/p>\n<\/li>\n<\/ul>\n<p data-start=\"1305\" data-end=\"1455\">Die enthaltenen <strong data-start=\"1321\" data-end=\"1359\">Wachstumsfaktoren (Growth Factors)<\/strong> wirken als biologische Signalstoffe, die gezielt Reparaturprozesse der Haut stimulieren k\u00f6nnen.<\/p>\n<p data-start=\"1462\" data-end=\"1498\"><strong>Anwendungsbereiche von GenFactor\u2122<\/strong><\/p>\n<p data-start=\"1500\" data-end=\"1555\">Die GenFactor\u2122-Behandlung eignet sich insbesondere bei:<\/p>\n<ul data-start=\"1557\" data-end=\"1763\">\n<li data-start=\"1557\" data-end=\"1571\">\n<p data-start=\"1559\" data-end=\"1571\">Aknenarben<\/p>\n<\/li>\n<li data-start=\"1572\" data-end=\"1585\">\n<p data-start=\"1574\" data-end=\"1585\">OP-Narben<\/p>\n<\/li>\n<li data-start=\"1586\" data-end=\"1616\">\n<p data-start=\"1588\" data-end=\"1616\">Unfall- oder Schnittnarben<\/p>\n<\/li>\n<li data-start=\"1617\" data-end=\"1637\">\n<p data-start=\"1619\" data-end=\"1637\">Hautunebenheiten<\/p>\n<\/li>\n<li data-start=\"1638\" data-end=\"1677\">\n<p data-start=\"1640\" data-end=\"1677\">Atrophischen (eingesunkenen) Narben<\/p>\n<\/li>\n<li data-start=\"1678\" data-end=\"1706\">\n<p data-start=\"1680\" data-end=\"1706\">Zeichen der Hautalterung<\/p>\n<\/li>\n<li data-start=\"1707\" data-end=\"1763\">\n<p data-start=\"1709\" data-end=\"1763\">Regeneration nach Microneedling oder Laserbehandlung<\/p>\n<\/li>\n<\/ul>\n<p data-start=\"1765\" data-end=\"1865\">Durch die gezielte Unterst\u00fctzung der Hautheilung kann die Narbenstruktur sichtbar verfeinert werden.<\/p>\n<p data-start=\"1872\" data-end=\"1920\"><strong>GenFactor\u2122 &amp; Microneedling \u2013 Maximale Wirkung<\/strong><\/p>\n<p data-start=\"1922\" data-end=\"2133\">Besonders effektiv ist GenFactor\u2122 in Kombination mit <strong data-start=\"1975\" data-end=\"1992\">Microneedling<\/strong>.<br data-start=\"1993\" data-end=\"1996\" \/>Durch die feinen Mikrokan\u00e4le kann das Wirkstoffsystem tiefer in die Haut eindringen und dort die Kollagenneubildung intensiv stimulieren.<\/p>\n<p data-start=\"2135\" data-end=\"2160\">Vorteile der Kombination:<\/p>\n<ul data-start=\"2162\" data-end=\"2290\">\n<li data-start=\"2162\" data-end=\"2195\">\n<p data-start=\"2164\" data-end=\"2195\">verbesserte Wirkstoffaufnahme<\/p>\n<\/li>\n<li data-start=\"2196\" data-end=\"2227\">\n<p data-start=\"2198\" data-end=\"2227\">st\u00e4rkere Geweberegeneration<\/p>\n<\/li>\n<li data-start=\"2228\" data-end=\"2258\">\n<p data-start=\"2230\" data-end=\"2258\">sichtbare Hautverfeinerung<\/p>\n<\/li>\n<li data-start=\"2259\" data-end=\"2290\">\n<p data-start=\"2261\" data-end=\"2290\">optimierte Narbenbehandlung<\/p>\n<\/li>\n<\/ul>\n<p data-start=\"2297\" data-end=\"2340\"><strong>Vorteile der GenFactor\u2122-Narbenbehandlung<\/strong><\/p>\n<ul data-start=\"2342\" data-end=\"2594\">\n<li data-start=\"2342\" data-end=\"2369\">\n<p data-start=\"2344\" data-end=\"2369\">Nicht-operative Methode<\/p>\n<\/li>\n<li data-start=\"2370\" data-end=\"2415\">\n<p data-start=\"2372\" data-end=\"2415\">Biologisch basiertes Regenerationskonzept<\/p>\n<\/li>\n<li data-start=\"2416\" data-end=\"2459\">\n<p data-start=\"2418\" data-end=\"2459\">Unterst\u00fctzt nat\u00fcrliche Heilungsprozesse<\/p>\n<\/li>\n<li data-start=\"2460\" data-end=\"2501\">\n<p data-start=\"2462\" data-end=\"2501\">F\u00fcr verschiedene Narbenarten geeignet<\/p>\n<\/li>\n<li data-start=\"2502\" data-end=\"2548\">\n<p data-start=\"2504\" data-end=\"2548\">Kombinierbar mit modernen Hautbehandlungen<\/p>\n<\/li>\n<li data-start=\"2549\" data-end=\"2594\">\n<p data-start=\"2551\" data-end=\"2594\">F\u00fcr unterschiedliche Hauttypen einsetzbar<\/p>\n<\/li>\n<\/ul>\n<p data-start=\"2601\" data-end=\"2636\"><strong>F\u00fcr wen ist GenFactor\u2122 geeignet?<\/strong><\/p>\n<p data-start=\"2638\" data-end=\"2701\">Die Behandlung eignet sich f\u00fcr Patientinnen und Patienten, die:<\/p>\n<ul data-start=\"2703\" data-end=\"2949\">\n<li data-start=\"2703\" data-end=\"2757\">\n<p data-start=\"2705\" data-end=\"2757\">das Erscheinungsbild von Narben verbessern m\u00f6chten<\/p>\n<\/li>\n<li data-start=\"2758\" data-end=\"2797\">\n<p data-start=\"2760\" data-end=\"2797\">ihre Hautstruktur verfeinern wollen<\/p>\n<\/li>\n<li data-start=\"2798\" data-end=\"2825\">\n<p data-start=\"2800\" data-end=\"2825\">unter Aknenarben leiden<\/p>\n<\/li>\n<li data-start=\"2826\" data-end=\"2883\">\n<p data-start=\"2828\" data-end=\"2883\">eine regenerative, nicht-invasive Therapie bevorzugen<\/p>\n<\/li>\n<li data-start=\"2884\" data-end=\"2949\">\n<p data-start=\"2886\" data-end=\"2949\">ihre Haut nach \u00e4sthetischen Behandlungen unterst\u00fctzen m\u00f6chten<\/p>\n<\/li>\n<\/ul>\n<p data-start=\"2956\" data-end=\"2982\"><strong>Realistische Ergebnisse<\/strong><\/p>\n<p data-start=\"2984\" data-end=\"3118\">Je nach Narbenart und Hautzustand sind sichtbare Verbesserungen der Hautstruktur m\u00f6glich. Besonders gute Ergebnisse werden h\u00e4ufig bei:<\/p>\n<ul data-start=\"3120\" data-end=\"3218\">\n<li data-start=\"3120\" data-end=\"3139\">\n<p data-start=\"3122\" data-end=\"3139\">frischen Narben<\/p>\n<\/li>\n<li data-start=\"3140\" data-end=\"3170\">\n<p data-start=\"3142\" data-end=\"3170\">oberfl\u00e4chlichen Aknenarben<\/p>\n<\/li>\n<li data-start=\"3171\" data-end=\"3218\">\n<p data-start=\"3173\" data-end=\"3218\">kombinierten Behandlungen mit Microneedling<\/p>\n<\/li>\n<\/ul>\n<p data-start=\"3220\" data-end=\"3228\">erzielt.<\/p>\n<p data-start=\"3235\" data-end=\"3298\"><strong>GenFactor\u2122 \u2013 Moderne Hautregeneration auf biologischer Basis<\/strong><\/p>\n<p data-start=\"3300\" data-end=\"3526\">Das System basiert auf der gezielten Aktivierung nat\u00fcrlicher Reparaturmechanismen der Haut. Durch die Kombination aus Wachstumsfaktoren, Peptiden und regenerativen Proteinen kann die Hautqualit\u00e4t nachhaltig unterst\u00fctzt werden.<\/p>\n<h4 data-start=\"3528\" data-end=\"3648\"><strong>F\u00fcr eine individuelle Beratung zur Narbenbehandlung mit GenFactor\u00ae empfehle ich ein pers\u00f6nliches Beratungsgespr\u00e4ch.<\/strong><\/h4>\n<\/div>\n<\/div>\n<\/div>\n<\/div>\n<div class=\"z-0 flex min-h-&#091;46px&#093; justify-start\"><\/div>\n<\/div>\n<\/div>\n<\/article>\n<\/div>\n<h5 class=\"pointer-events-none h-px w-px absolute bottom-0\" aria-hidden=\"true\" data-edge=\"true\">PREISE Narben-Behandlungen<\/h5>\n<div class=\"pointer-events-none h-px w-px absolute bottom-0\" aria-hidden=\"true\" data-edge=\"true\">&#8211; Kaiserschnitt<\/div>\n<div aria-hidden=\"true\" data-edge=\"true\">Einzeln 169,-\u20ac, 5-er Kur 750\u20ac (150\u20ac pro Sitzung)<\/div>\n<div aria-hidden=\"true\" data-edge=\"true\"><\/div>\n<div aria-hidden=\"true\" data-edge=\"true\">&#8211; Bauchdecken-Straffung<\/div>\n<div aria-hidden=\"true\" data-edge=\"true\">Einzeln 229\u20ac, 5-er Kur 1000\u20ac (200\u20ac pro Sitzung)<\/div>\n<div aria-hidden=\"true\" data-edge=\"true\"><\/div>\n<div aria-hidden=\"true\" data-edge=\"true\">&#8211; Brust-Straffung<\/div>\n<div aria-hidden=\"true\" data-edge=\"true\">Einzeln 249\u20ac, 5-er Kur 1100\u20ac (220\u20ac pro Sitzung)<\/div>\n<div aria-hidden=\"true\" data-edge=\"true\"><\/div>\n<div aria-hidden=\"true\" data-edge=\"true\">Weitere Bereiche und Preise auf Anfrage.<\/div>\n<\/div><div ><a class=\"fusion-button button-flat fusion-button-default-size button-custom fusion-button-default button-1 fusion-button-default-span fusion-button-default-type\" style=\"--button_accent_color:var(--awb-color1);--button_accent_hover_color:var(--awb-color1);--button_border_hover_color:var(--awb-color1);--button_gradient_top_color:var(--awb-color4);--button_gradient_bottom_color:var(--awb-color4);--button_gradient_top_color_hover:hsla(var(--awb-color4-h),var(--awb-color4-s),calc(var(--awb-color4-l) - 10%),var(--awb-color4-a));--button_gradient_bottom_color_hover:hsla(var(--awb-color4-h),var(--awb-color4-s),calc(var(--awb-color4-l) - 10%),var(--awb-color4-a));--button_margin-top:30px;width:calc(100%);\" target=\"_self\" href=\"https:\/\/connect.shore.com\/bookings\/cosmedic-anna-brandt\/direct\/f3053771-6633-42b1-838a-143e8e56d11c?utm_source=direct-booking-service-link\"><span class=\"fusion-button-text\">Jetzt Beratung buchen<\/span><\/a><\/div><\/div><\/div><\/div><\/div>\n","protected":false},"excerpt":{"rendered":"","protected":false},"author":1,"featured_media":0,"parent":916,"menu_order":0,"comment_status":"closed","ping_status":"closed","template":"","meta":{"footnotes":""},"class_list":["post-928","page","type-page","status-publish","hentry"],"_links":{"self":[{"href":"https:\/\/www.cosmedic-annabrandt.at\/index.php?rest_route=\/wp\/v2\/pages\/928","targetHints":{"allow":["GET"]}}],"collection":[{"href":"https:\/\/www.cosmedic-annabrandt.at\/index.php?rest_route=\/wp\/v2\/pages"}],"about":[{"href":"https:\/\/www.cosmedic-annabrandt.at\/index.php?rest_route=\/wp\/v2\/types\/page"}],"author":[{"embeddable":true,"href":"https:\/\/www.cosmedic-annabrandt.at\/index.php?rest_route=\/wp\/v2\/users\/1"}],"replies":[{"embeddable":true,"href":"https:\/\/www.cosmedic-annabrandt.at\/index.php?rest_route=%2Fwp%2Fv2%2Fcomments&post=928"}],"version-history":[{"count":16,"href":"https:\/\/www.cosmedic-annabrandt.at\/index.php?rest_route=\/wp\/v2\/pages\/928\/revisions"}],"predecessor-version":[{"id":1358,"href":"https:\/\/www.cosmedic-annabrandt.at\/index.php?rest_route=\/wp\/v2\/pages\/928\/revisions\/1358"}],"up":[{"embeddable":true,"href":"https:\/\/www.cosmedic-annabrandt.at\/index.php?rest_route=\/wp\/v2\/pages\/916"}],"wp:attachment":[{"href":"https:\/\/www.cosmedic-annabrandt.at\/index.php?rest_route=%2Fwp%2Fv2%2Fmedia&parent=928"}],"curies":[{"name":"wp","href":"https:\/\/api.w.org\/{rel}","templated":true}]}}