{"id":941,"date":"2025-07-15T10:25:47","date_gmt":"2025-07-15T10:25:47","guid":{"rendered":"https:\/\/www.cosmedic-annabrandt.at\/?page_id=941"},"modified":"2026-03-22T17:41:33","modified_gmt":"2026-03-22T17:41:33","slug":"aptosol","status":"publish","type":"page","link":"https:\/\/www.cosmedic-annabrandt.at\/?page_id=941","title":{"rendered":"REVISION Skincare\u00ae"},"content":{"rendered":"<div class=\"fusion-fullwidth fullwidth-box fusion-builder-row-1 fusion-flex-container nonhundred-percent-fullwidth non-hundred-percent-height-scrolling\" style=\"--awb-border-radius-top-left:0px;--awb-border-radius-top-right:0px;--awb-border-radius-bottom-right:0px;--awb-border-radius-bottom-left:0px;--awb-flex-wrap:wrap;\" ><div class=\"fusion-builder-row fusion-row fusion-flex-align-items-flex-start fusion-flex-content-wrap\" style=\"max-width:1144px;margin-left: calc(-4% \/ 2 );margin-right: calc(-4% \/ 2 );\"><div class=\"fusion-layout-column fusion_builder_column fusion-builder-column-0 fusion_builder_column_1_1 1_1 fusion-flex-column\" style=\"--awb-bg-size:cover;--awb-width-large:100%;--awb-margin-top-large:0px;--awb-spacing-right-large:1.92%;--awb-margin-bottom-large:0px;--awb-spacing-left-large:1.92%;--awb-width-medium:100%;--awb-spacing-right-medium:1.92%;--awb-spacing-left-medium:1.92%;--awb-width-small:100%;--awb-spacing-right-small:1.92%;--awb-spacing-left-small:1.92%;\"><div class=\"fusion-column-wrapper fusion-flex-justify-content-flex-start fusion-content-layout-column\"><div class=\"fusion-image-element \" style=\"--awb-caption-title-font-family:var(--h2_typography-font-family);--awb-caption-title-font-weight:var(--h2_typography-font-weight);--awb-caption-title-font-style:var(--h2_typography-font-style);--awb-caption-title-size:var(--h2_typography-font-size);--awb-caption-title-transform:var(--h2_typography-text-transform);--awb-caption-title-line-height:var(--h2_typography-line-height);--awb-caption-title-letter-spacing:var(--h2_typography-letter-spacing);\"><span class=\" fusion-imageframe imageframe-none imageframe-1 hover-type-none\"><img decoding=\"async\" width=\"2040\" height=\"851\" title=\"RS-MAIN-RichBlk\" src=\"https:\/\/www.cosmedic-annabrandt.at\/wp-content\/uploads\/2026\/03\/RS-MAIN-RichBlk.png\" data-orig-src=\"https:\/\/www.cosmedic-annabrandt.at\/wp-content\/uploads\/2026\/03\/RS-MAIN-RichBlk.png\" alt class=\"lazyload img-responsive wp-image-1374\" srcset=\"data:image\/svg+xml,%3Csvg%20xmlns%3D%27http%3A%2F%2Fwww.w3.org%2F2000%2Fsvg%27%20width%3D%272040%27%20height%3D%27851%27%20viewBox%3D%270%200%202040%20851%27%3E%3Crect%20width%3D%272040%27%20height%3D%27851%27%20fill-opacity%3D%220%22%2F%3E%3C%2Fsvg%3E\" data-srcset=\"https:\/\/www.cosmedic-annabrandt.at\/wp-content\/uploads\/2026\/03\/RS-MAIN-RichBlk-200x83.png 200w, https:\/\/www.cosmedic-annabrandt.at\/wp-content\/uploads\/2026\/03\/RS-MAIN-RichBlk-400x167.png 400w, https:\/\/www.cosmedic-annabrandt.at\/wp-content\/uploads\/2026\/03\/RS-MAIN-RichBlk-600x250.png 600w, https:\/\/www.cosmedic-annabrandt.at\/wp-content\/uploads\/2026\/03\/RS-MAIN-RichBlk-800x334.png 800w, https:\/\/www.cosmedic-annabrandt.at\/wp-content\/uploads\/2026\/03\/RS-MAIN-RichBlk-1200x501.png 1200w, https:\/\/www.cosmedic-annabrandt.at\/wp-content\/uploads\/2026\/03\/RS-MAIN-RichBlk.png 2040w\" data-sizes=\"auto\" data-orig-sizes=\"(max-width: 800px) 100vw, (max-width: 640px) 100vw, 1200px\" \/><\/span><\/div><div class=\"fusion-title title fusion-title-1 fusion-sep-none fusion-title-text fusion-title-size-one\" style=\"--awb-margin-top:30px;\"><h1 class=\"fusion-title-heading title-heading-left fusion-responsive-typography-calculated\" style=\"margin:0;--fontSize:106;line-height:var(--awb-typography1-line-height);\">Revision Skincare\u00ae \u2013 professionelle Premium Hautpflege<\/h1><\/div><div class=\"fusion-text fusion-text-1 fusion-text-no-margin\" style=\"--awb-margin-top:30px;--awb-margin-bottom:30px;\"><p class=\"isSelectedEnd\">REVISION Skincare\u00ae steht f\u00fcr hochwirksame, medizinisch inspirierte Hautpflege, die auf modernster dermatologischer Forschung basiert. Die Produkte wurden entwickelt, um die Haut nicht nur oberfl\u00e4chlich zu pflegen, sondern gezielt auf zellul\u00e4rer Ebene zu st\u00e4rken, zu sch\u00fctzen und nachhaltig zu verbessern. Durch klinisch gepr\u00fcfte Inhaltsstoffe und innovative Formulierungen unterst\u00fctzt REVISION Skincare sichtbar ein gesundes, ausgeglichenes und jugendliches Hautbild.<\/p>\n<p class=\"isSelectedEnd\">Ein besonderes Merkmal der Marke sind ihre exklusiven, patentierten Technologien, die ausschlie\u00dflich bei REVISION Skincare zu finden sind. Dazu geh\u00f6rt die <strong>DEJ Targeting Technology\u00ae<\/strong>, die die dermal-epidermale Verbindung st\u00e4rkt und somit Festigkeit und Hautstruktur verbessert. Die <strong>MelaPATH\u00ae Technology<\/strong> wirkt mehrstufig, um die Entstehung von Pigmentunregelm\u00e4\u00dfigkeiten zu reduzieren und den Teint sichtbar zu harmonisieren. Mit <strong>REVOX\u2122 Technology<\/strong> setzt REVISION zudem auf einen innovativen Wirkstoffkomplex zur gezielten Unterst\u00fctzung der Hauterneuerung und zur sichtbaren Minderung von F\u00e4ltchen. Erg\u00e4nzt werden diese Technologien durch hochstabile Wirkstoffe wie <strong>THD Ascorbate<\/strong> (eine besonders effektive Form von Vitamin C) sowie den exklusiven Zellschutzkomplex <strong>Kinetin+<\/strong>, der die Haut vor vorzeitiger Alterung sch\u00fctzt.<\/p>\n<p>Der Fokus von REVISION Skincare liegt dabei besonders auf einer effektiven, wissenschaftlich fundierten Heimpflege. Die Produkte sind so konzipiert, dass sie die Haut t\u00e4glich optimal unterst\u00fctzen, ihre nat\u00fcrliche Funktion st\u00e4rken und langfristig sichtbare Ergebnisse erm\u00f6glichen \u2013 f\u00fcr eine gesunde, widerstandsf\u00e4hige und nachhaltig strahlende Haut.<\/p>\n<div class=\"flex flex-col text-sm pb-25\">\n<section class=\"text-token-text-primary w-full focus:outline-none &#091;--shadow-height:45px&#093; has-data-writing-block:pointer-events-none has-data-writing-block:-mt-(--shadow-height) has-data-writing-block:pt-(--shadow-height) &#091;&amp;:has(&#091;data-writing-block&#093;)&gt;*&#093;:pointer-events-auto scroll-mt-&#091;calc(var(--header-height)+min(200px,max(70px,20svh)))&#093;\" dir=\"auto\" data-turn-id=\"request-69bfcf2c-ae2c-8394-b01e-913f6b70d31b-5\" data-testid=\"conversation-turn-20\" data-scroll-anchor=\"true\" data-turn=\"assistant\">\n<div class=\"text-base my-auto mx-auto pb-10 &#091;--thread-content-margin:var(--thread-content-margin-xs,calc(var(--spacing)*4))&#093; @w-sm\/main:&#091;--thread-content-margin:var(--thread-content-margin-sm,calc(var(--spacing)*6))&#093; @w-lg\/main:&#091;--thread-content-margin:var(--thread-content-margin-lg,calc(var(--spacing)*16))&#093; px-(--thread-content-margin)\">\n<div class=\"&#091;--thread-content-max-width:40rem&#093; @w-lg\/main:&#091;--thread-content-max-width:48rem&#093; mx-auto max-w-(--thread-content-max-width) flex-1 group\/turn-messages focus-visible:outline-hidden relative flex w-full min-w-0 flex-col agent-turn\">\n<div class=\"flex max-w-full flex-col gap-4 grow\">\n<div class=\"min-h-8 text-message relative flex w-full flex-col items-end gap-2 text-start break-words whitespace-normal outline-none keyboard-focused:focus-ring &#091;.text-message+&amp;&#093;:mt-1\" dir=\"auto\" tabindex=\"0\" data-message-author-role=\"assistant\" data-message-id=\"12ade340-8bed-441b-a049-cfcb4bbdb78f\" data-message-model-slug=\"gpt-5-3\" data-turn-start-message=\"true\">\n<div class=\"flex w-full flex-col gap-1 empty:hidden\">\n<div class=\"markdown prose dark:prose-invert w-full wrap-break-word light markdown-new-styling\">\n<p data-start=\"0\" data-end=\"125\">Von Anfang an ist Revision Skincare\u00ae dank bahnbrechender Technologien und Innovationen ein f\u00fchrender Anbieter in der Branche.<\/p>\n<ul data-start=\"127\" data-end=\"988\" data-is-last-node=\"\" data-is-only-node=\"\">\n<li data-section-id=\"19pkcp5\" data-start=\"127\" data-end=\"299\"><strong data-start=\"129\" data-end=\"148\">Die ERSTE Marke<\/strong>, die bioverf\u00fcgbare Peptide breit einsetzt, um das volle Potenzial der Haut zu entfalten und sichtbare Zeichen der Hautalterung gezielt zu bek\u00e4mpfen.<\/li>\n<li data-section-id=\"18djyed\" data-start=\"301\" data-end=\"529\"><strong data-start=\"303\" data-end=\"333\">Die ERSTE Marke in den USA<\/strong>, die THD-Ascorbat als \u00fcberlegene Alternative zu L-Ascorbins\u00e4ure verwendet \u2013 und <strong data-start=\"414\" data-end=\"451\" data-is-only-node=\"\">das EINZIGE Hautpflegeunternehmen<\/strong>, das diesen Wirkstoff in einer Konzentration von 30 % einsetzt (seit 2019).<\/li>\n<li data-section-id=\"1i3j69c\" data-start=\"531\" data-end=\"643\"><strong data-start=\"533\" data-end=\"552\">Die ERSTE Marke<\/strong>, die die Kategorie der professionellen Heimpflege f\u00fcr Hals und Dekollet\u00e9 entwickelt hat.<\/li>\n<li data-section-id=\"1yq2n2f\" data-start=\"645\" data-end=\"771\"><strong data-start=\"647\" data-end=\"666\">Die ERSTE Marke<\/strong>, die die Kraft des Mikrobioms nutzt, um gezielte Anti-Aging-Vorteile f\u00fcr Hals und Dekollet\u00e9 zu bieten.<\/li>\n<li data-section-id=\"1ruvbd9\" data-start=\"773\" data-end=\"988\" data-is-last-node=\"\"><strong data-start=\"775\" data-end=\"794\">Die ERSTE Marke<\/strong>, die eine umfassende, anti-aging, get\u00f6nte Feuchtigkeitscreme mit 100 % mineralischem Sonnenschutz entwickelt hat \u2013 ganz ohne versteckte chemische Inhaltsstoffe (\u00fcber 10 Jahre Entwicklungszeit).<\/li>\n<\/ul>\n<\/div>\n<\/div>\n<\/div>\n<\/div>\n<div class=\"z-0 flex min-h-&#091;46px&#093; justify-start\"><\/div>\n<div class=\"mt-3 w-full empty:hidden\">\n<div class=\"text-center\"><\/div>\n<\/div>\n<\/div>\n<\/div>\n<\/section>\n<\/div>\n<div class=\"pointer-events-none h-px w-px absolute bottom-0\" aria-hidden=\"true\" data-edge=\"true\"><\/div>\n<\/div><div class=\"fusion-image-carousel fusion-image-carousel-auto fusion-image-carousel-1 fusion-carousel-border\" style=\"margin-top:30px;\"><div class=\"awb-carousel awb-swiper awb-swiper-carousel\" data-autoplay=\"yes\" data-columns=\"3\" data-itemmargin=\"13\" data-itemwidth=\"180\" data-touchscroll=\"no\" data-imagesize=\"auto\" style=\"--awb-columns:3;\"><div class=\"swiper-wrapper awb-image-carousel-wrapper fusion-flex-align-items-center\"><div class=\"swiper-slide\"><div class=\"fusion-carousel-item-wrapper\"><div class=\"fusion-image-wrapper hover-type-none\"><img decoding=\"async\" width=\"1536\" height=\"2560\" src=\"https:\/\/www.cosmedic-annabrandt.at\/wp-content\/uploads\/2026\/03\/C-Correcting-Complex-scaled.png\" class=\"attachment-full size-full lazyload\" alt=\"\" srcset=\"data:image\/svg+xml,%3Csvg%20xmlns%3D%27http%3A%2F%2Fwww.w3.org%2F2000%2Fsvg%27%20width%3D%271536%27%20height%3D%272560%27%20viewBox%3D%270%200%201536%202560%27%3E%3Crect%20width%3D%271536%27%20height%3D%272560%27%20fill-opacity%3D%220%22%2F%3E%3C%2Fsvg%3E\" data-orig-src=\"https:\/\/www.cosmedic-annabrandt.at\/wp-content\/uploads\/2026\/03\/C-Correcting-Complex-scaled.png\" data-srcset=\"https:\/\/www.cosmedic-annabrandt.at\/wp-content\/uploads\/2026\/03\/C-Correcting-Complex-200x333.png 200w, https:\/\/www.cosmedic-annabrandt.at\/wp-content\/uploads\/2026\/03\/C-Correcting-Complex-400x667.png 400w, https:\/\/www.cosmedic-annabrandt.at\/wp-content\/uploads\/2026\/03\/C-Correcting-Complex-600x1000.png 600w, https:\/\/www.cosmedic-annabrandt.at\/wp-content\/uploads\/2026\/03\/C-Correcting-Complex-800x1333.png 800w, https:\/\/www.cosmedic-annabrandt.at\/wp-content\/uploads\/2026\/03\/C-Correcting-Complex-1200x2000.png 1200w, https:\/\/www.cosmedic-annabrandt.at\/wp-content\/uploads\/2026\/03\/C-Correcting-Complex-scaled.png 1536w\" data-sizes=\"auto\" \/><\/div><\/div><\/div><div class=\"swiper-slide\"><div class=\"fusion-carousel-item-wrapper\"><div class=\"fusion-image-wrapper hover-type-none\"><img decoding=\"async\" width=\"1200\" height=\"1200\" src=\"https:\/\/www.cosmedic-annabrandt.at\/wp-content\/uploads\/2026\/03\/DEJ-Daily-Boosting-Serum_pump_front.jpg\" class=\"attachment-full size-full lazyload\" alt=\"\" srcset=\"data:image\/svg+xml,%3Csvg%20xmlns%3D%27http%3A%2F%2Fwww.w3.org%2F2000%2Fsvg%27%20width%3D%271200%27%20height%3D%271200%27%20viewBox%3D%270%200%201200%201200%27%3E%3Crect%20width%3D%271200%27%20height%3D%271200%27%20fill-opacity%3D%220%22%2F%3E%3C%2Fsvg%3E\" data-orig-src=\"https:\/\/www.cosmedic-annabrandt.at\/wp-content\/uploads\/2026\/03\/DEJ-Daily-Boosting-Serum_pump_front.jpg\" data-srcset=\"https:\/\/www.cosmedic-annabrandt.at\/wp-content\/uploads\/2026\/03\/DEJ-Daily-Boosting-Serum_pump_front-200x200.jpg 200w, https:\/\/www.cosmedic-annabrandt.at\/wp-content\/uploads\/2026\/03\/DEJ-Daily-Boosting-Serum_pump_front-400x400.jpg 400w, https:\/\/www.cosmedic-annabrandt.at\/wp-content\/uploads\/2026\/03\/DEJ-Daily-Boosting-Serum_pump_front-600x600.jpg 600w, https:\/\/www.cosmedic-annabrandt.at\/wp-content\/uploads\/2026\/03\/DEJ-Daily-Boosting-Serum_pump_front-800x800.jpg 800w, https:\/\/www.cosmedic-annabrandt.at\/wp-content\/uploads\/2026\/03\/DEJ-Daily-Boosting-Serum_pump_front.jpg 1200w\" data-sizes=\"auto\" \/><\/div><\/div><\/div><div class=\"swiper-slide\"><div class=\"fusion-carousel-item-wrapper\"><div class=\"fusion-image-wrapper hover-type-none\"><img decoding=\"async\" width=\"1536\" height=\"2560\" src=\"https:\/\/www.cosmedic-annabrandt.at\/wp-content\/uploads\/2026\/03\/DEJ-Face-Cream-1-scaled.png\" class=\"attachment-full size-full lazyload\" alt=\"\" srcset=\"data:image\/svg+xml,%3Csvg%20xmlns%3D%27http%3A%2F%2Fwww.w3.org%2F2000%2Fsvg%27%20width%3D%271536%27%20height%3D%272560%27%20viewBox%3D%270%200%201536%202560%27%3E%3Crect%20width%3D%271536%27%20height%3D%272560%27%20fill-opacity%3D%220%22%2F%3E%3C%2Fsvg%3E\" data-orig-src=\"https:\/\/www.cosmedic-annabrandt.at\/wp-content\/uploads\/2026\/03\/DEJ-Face-Cream-1-scaled.png\" data-srcset=\"https:\/\/www.cosmedic-annabrandt.at\/wp-content\/uploads\/2026\/03\/DEJ-Face-Cream-1-200x333.png 200w, https:\/\/www.cosmedic-annabrandt.at\/wp-content\/uploads\/2026\/03\/DEJ-Face-Cream-1-400x667.png 400w, https:\/\/www.cosmedic-annabrandt.at\/wp-content\/uploads\/2026\/03\/DEJ-Face-Cream-1-600x1000.png 600w, https:\/\/www.cosmedic-annabrandt.at\/wp-content\/uploads\/2026\/03\/DEJ-Face-Cream-1-800x1333.png 800w, https:\/\/www.cosmedic-annabrandt.at\/wp-content\/uploads\/2026\/03\/DEJ-Face-Cream-1-1200x2000.png 1200w, https:\/\/www.cosmedic-annabrandt.at\/wp-content\/uploads\/2026\/03\/DEJ-Face-Cream-1-scaled.png 1536w\" data-sizes=\"auto\" \/><\/div><\/div><\/div><div class=\"swiper-slide\"><div class=\"fusion-carousel-item-wrapper\"><div class=\"fusion-image-wrapper hover-type-none\"><img decoding=\"async\" width=\"2560\" height=\"2560\" src=\"https:\/\/www.cosmedic-annabrandt.at\/wp-content\/uploads\/2026\/03\/DermProtect-Barrier-Defense\u2122-scaled.png\" class=\"attachment-full size-full lazyload\" alt=\"\" srcset=\"data:image\/svg+xml,%3Csvg%20xmlns%3D%27http%3A%2F%2Fwww.w3.org%2F2000%2Fsvg%27%20width%3D%272560%27%20height%3D%272560%27%20viewBox%3D%270%200%202560%202560%27%3E%3Crect%20width%3D%272560%27%20height%3D%272560%27%20fill-opacity%3D%220%22%2F%3E%3C%2Fsvg%3E\" data-orig-src=\"https:\/\/www.cosmedic-annabrandt.at\/wp-content\/uploads\/2026\/03\/DermProtect-Barrier-Defense\u2122-scaled.png\" data-srcset=\"https:\/\/www.cosmedic-annabrandt.at\/wp-content\/uploads\/2026\/03\/DermProtect-Barrier-Defense\u2122-200x200.png 200w, https:\/\/www.cosmedic-annabrandt.at\/wp-content\/uploads\/2026\/03\/DermProtect-Barrier-Defense\u2122-400x400.png 400w, https:\/\/www.cosmedic-annabrandt.at\/wp-content\/uploads\/2026\/03\/DermProtect-Barrier-Defense\u2122-600x600.png 600w, https:\/\/www.cosmedic-annabrandt.at\/wp-content\/uploads\/2026\/03\/DermProtect-Barrier-Defense\u2122-800x800.png 800w, https:\/\/www.cosmedic-annabrandt.at\/wp-content\/uploads\/2026\/03\/DermProtect-Barrier-Defense\u2122-1200x1200.png 1200w, https:\/\/www.cosmedic-annabrandt.at\/wp-content\/uploads\/2026\/03\/DermProtect-Barrier-Defense\u2122-scaled.png 2560w\" data-sizes=\"auto\" \/><\/div><\/div><\/div><div class=\"swiper-slide\"><div class=\"fusion-carousel-item-wrapper\"><div class=\"fusion-image-wrapper hover-type-none\"><img decoding=\"async\" width=\"1536\" height=\"2560\" src=\"https:\/\/www.cosmedic-annabrandt.at\/wp-content\/uploads\/2026\/03\/Intellishade-Truphysical-scaled.png\" class=\"attachment-full size-full lazyload\" alt=\"\" srcset=\"data:image\/svg+xml,%3Csvg%20xmlns%3D%27http%3A%2F%2Fwww.w3.org%2F2000%2Fsvg%27%20width%3D%271536%27%20height%3D%272560%27%20viewBox%3D%270%200%201536%202560%27%3E%3Crect%20width%3D%271536%27%20height%3D%272560%27%20fill-opacity%3D%220%22%2F%3E%3C%2Fsvg%3E\" data-orig-src=\"https:\/\/www.cosmedic-annabrandt.at\/wp-content\/uploads\/2026\/03\/Intellishade-Truphysical-scaled.png\" data-srcset=\"https:\/\/www.cosmedic-annabrandt.at\/wp-content\/uploads\/2026\/03\/Intellishade-Truphysical-200x333.png 200w, https:\/\/www.cosmedic-annabrandt.at\/wp-content\/uploads\/2026\/03\/Intellishade-Truphysical-400x667.png 400w, https:\/\/www.cosmedic-annabrandt.at\/wp-content\/uploads\/2026\/03\/Intellishade-Truphysical-600x1000.png 600w, https:\/\/www.cosmedic-annabrandt.at\/wp-content\/uploads\/2026\/03\/Intellishade-Truphysical-800x1333.png 800w, https:\/\/www.cosmedic-annabrandt.at\/wp-content\/uploads\/2026\/03\/Intellishade-Truphysical-1200x2000.png 1200w, https:\/\/www.cosmedic-annabrandt.at\/wp-content\/uploads\/2026\/03\/Intellishade-Truphysical-scaled.png 1536w\" data-sizes=\"auto\" \/><\/div><\/div><\/div><div class=\"swiper-slide\"><div class=\"fusion-carousel-item-wrapper\"><div class=\"fusion-image-wrapper hover-type-none\"><img decoding=\"async\" width=\"1200\" height=\"1200\" src=\"https:\/\/www.cosmedic-annabrandt.at\/wp-content\/uploads\/2026\/03\/Intellishade\u00ae-TruPhysical-Clear.jpg\" class=\"attachment-full size-full lazyload\" alt=\"\" srcset=\"data:image\/svg+xml,%3Csvg%20xmlns%3D%27http%3A%2F%2Fwww.w3.org%2F2000%2Fsvg%27%20width%3D%271200%27%20height%3D%271200%27%20viewBox%3D%270%200%201200%201200%27%3E%3Crect%20width%3D%271200%27%20height%3D%271200%27%20fill-opacity%3D%220%22%2F%3E%3C%2Fsvg%3E\" data-orig-src=\"https:\/\/www.cosmedic-annabrandt.at\/wp-content\/uploads\/2026\/03\/Intellishade\u00ae-TruPhysical-Clear.jpg\" data-srcset=\"https:\/\/www.cosmedic-annabrandt.at\/wp-content\/uploads\/2026\/03\/Intellishade\u00ae-TruPhysical-Clear-200x200.jpg 200w, https:\/\/www.cosmedic-annabrandt.at\/wp-content\/uploads\/2026\/03\/Intellishade\u00ae-TruPhysical-Clear-400x400.jpg 400w, https:\/\/www.cosmedic-annabrandt.at\/wp-content\/uploads\/2026\/03\/Intellishade\u00ae-TruPhysical-Clear-600x600.jpg 600w, https:\/\/www.cosmedic-annabrandt.at\/wp-content\/uploads\/2026\/03\/Intellishade\u00ae-TruPhysical-Clear-800x800.jpg 800w, https:\/\/www.cosmedic-annabrandt.at\/wp-content\/uploads\/2026\/03\/Intellishade\u00ae-TruPhysical-Clear.jpg 1200w\" data-sizes=\"auto\" \/><\/div><\/div><\/div><div class=\"swiper-slide\"><div class=\"fusion-carousel-item-wrapper\"><div class=\"fusion-image-wrapper hover-type-none\"><img decoding=\"async\" width=\"1536\" height=\"2560\" src=\"https:\/\/www.cosmedic-annabrandt.at\/wp-content\/uploads\/2026\/03\/Nectifim-Advanced-_pump_front-scaled.png\" class=\"attachment-full size-full lazyload\" alt=\"\" srcset=\"data:image\/svg+xml,%3Csvg%20xmlns%3D%27http%3A%2F%2Fwww.w3.org%2F2000%2Fsvg%27%20width%3D%271536%27%20height%3D%272560%27%20viewBox%3D%270%200%201536%202560%27%3E%3Crect%20width%3D%271536%27%20height%3D%272560%27%20fill-opacity%3D%220%22%2F%3E%3C%2Fsvg%3E\" data-orig-src=\"https:\/\/www.cosmedic-annabrandt.at\/wp-content\/uploads\/2026\/03\/Nectifim-Advanced-_pump_front-scaled.png\" data-srcset=\"https:\/\/www.cosmedic-annabrandt.at\/wp-content\/uploads\/2026\/03\/Nectifim-Advanced-_pump_front-200x333.png 200w, https:\/\/www.cosmedic-annabrandt.at\/wp-content\/uploads\/2026\/03\/Nectifim-Advanced-_pump_front-400x667.png 400w, https:\/\/www.cosmedic-annabrandt.at\/wp-content\/uploads\/2026\/03\/Nectifim-Advanced-_pump_front-600x1000.png 600w, https:\/\/www.cosmedic-annabrandt.at\/wp-content\/uploads\/2026\/03\/Nectifim-Advanced-_pump_front-800x1333.png 800w, https:\/\/www.cosmedic-annabrandt.at\/wp-content\/uploads\/2026\/03\/Nectifim-Advanced-_pump_front-1200x2000.png 1200w, https:\/\/www.cosmedic-annabrandt.at\/wp-content\/uploads\/2026\/03\/Nectifim-Advanced-_pump_front-scaled.png 1536w\" data-sizes=\"auto\" \/><\/div><\/div><\/div><div class=\"swiper-slide\"><div class=\"fusion-carousel-item-wrapper\"><div class=\"fusion-image-wrapper hover-type-none\"><img decoding=\"async\" width=\"1536\" height=\"2560\" src=\"https:\/\/www.cosmedic-annabrandt.at\/wp-content\/uploads\/2026\/03\/YouthFull-Lip-Replenisher_two_bottles-scaled.png\" class=\"attachment-full size-full lazyload\" alt=\"\" srcset=\"data:image\/svg+xml,%3Csvg%20xmlns%3D%27http%3A%2F%2Fwww.w3.org%2F2000%2Fsvg%27%20width%3D%271536%27%20height%3D%272560%27%20viewBox%3D%270%200%201536%202560%27%3E%3Crect%20width%3D%271536%27%20height%3D%272560%27%20fill-opacity%3D%220%22%2F%3E%3C%2Fsvg%3E\" data-orig-src=\"https:\/\/www.cosmedic-annabrandt.at\/wp-content\/uploads\/2026\/03\/YouthFull-Lip-Replenisher_two_bottles-scaled.png\" data-srcset=\"https:\/\/www.cosmedic-annabrandt.at\/wp-content\/uploads\/2026\/03\/YouthFull-Lip-Replenisher_two_bottles-200x333.png 200w, https:\/\/www.cosmedic-annabrandt.at\/wp-content\/uploads\/2026\/03\/YouthFull-Lip-Replenisher_two_bottles-400x667.png 400w, https:\/\/www.cosmedic-annabrandt.at\/wp-content\/uploads\/2026\/03\/YouthFull-Lip-Replenisher_two_bottles-600x1000.png 600w, https:\/\/www.cosmedic-annabrandt.at\/wp-content\/uploads\/2026\/03\/YouthFull-Lip-Replenisher_two_bottles-800x1333.png 800w, https:\/\/www.cosmedic-annabrandt.at\/wp-content\/uploads\/2026\/03\/YouthFull-Lip-Replenisher_two_bottles-1200x2000.png 1200w, https:\/\/www.cosmedic-annabrandt.at\/wp-content\/uploads\/2026\/03\/YouthFull-Lip-Replenisher_two_bottles-scaled.png 1536w\" data-sizes=\"auto\" \/><\/div><\/div><\/div><div class=\"swiper-slide\"><div class=\"fusion-carousel-item-wrapper\"><div class=\"fusion-image-wrapper hover-type-none\"><img decoding=\"async\" width=\"1200\" height=\"1200\" src=\"https:\/\/www.cosmedic-annabrandt.at\/wp-content\/uploads\/2026\/03\/YouthFull-Lip-Replenisher_web_front_cap.jpg\" class=\"attachment-full size-full lazyload\" alt=\"\" srcset=\"data:image\/svg+xml,%3Csvg%20xmlns%3D%27http%3A%2F%2Fwww.w3.org%2F2000%2Fsvg%27%20width%3D%271200%27%20height%3D%271200%27%20viewBox%3D%270%200%201200%201200%27%3E%3Crect%20width%3D%271200%27%20height%3D%271200%27%20fill-opacity%3D%220%22%2F%3E%3C%2Fsvg%3E\" data-orig-src=\"https:\/\/www.cosmedic-annabrandt.at\/wp-content\/uploads\/2026\/03\/YouthFull-Lip-Replenisher_web_front_cap.jpg\" data-srcset=\"https:\/\/www.cosmedic-annabrandt.at\/wp-content\/uploads\/2026\/03\/YouthFull-Lip-Replenisher_web_front_cap-200x200.jpg 200w, https:\/\/www.cosmedic-annabrandt.at\/wp-content\/uploads\/2026\/03\/YouthFull-Lip-Replenisher_web_front_cap-400x400.jpg 400w, https:\/\/www.cosmedic-annabrandt.at\/wp-content\/uploads\/2026\/03\/YouthFull-Lip-Replenisher_web_front_cap-600x600.jpg 600w, https:\/\/www.cosmedic-annabrandt.at\/wp-content\/uploads\/2026\/03\/YouthFull-Lip-Replenisher_web_front_cap-800x800.jpg 800w, https:\/\/www.cosmedic-annabrandt.at\/wp-content\/uploads\/2026\/03\/YouthFull-Lip-Replenisher_web_front_cap.jpg 1200w\" data-sizes=\"auto\" \/><\/div><\/div><\/div><\/div><div class=\"awb-swiper-button awb-swiper-button-prev\"><i class=\"awb-icon-angle-left\" aria-hidden=\"true\"><\/i><\/div><div class=\"awb-swiper-button awb-swiper-button-next\"><i class=\"awb-icon-angle-right\" aria-hidden=\"true\"><\/i><\/div><\/div><\/div><div ><a class=\"fusion-button button-flat fusion-button-default-size button-custom fusion-button-default button-1 fusion-button-default-span fusion-button-default-type\" style=\"--button_accent_color:var(--awb-color1);--button_accent_hover_color:var(--awb-color1);--button_border_hover_color:var(--awb-color1);--button_gradient_top_color:var(--awb-color4);--button_gradient_bottom_color:var(--awb-color4);--button_gradient_top_color_hover:hsla(var(--awb-color4-h),var(--awb-color4-s),calc(var(--awb-color4-l) - 10%),var(--awb-color4-a));--button_gradient_bottom_color_hover:hsla(var(--awb-color4-h),var(--awb-color4-s),calc(var(--awb-color4-l) - 10%),var(--awb-color4-a));width:calc(100%);\" target=\"_self\" href=\"https:\/\/www.beautycenter-soeflingen.de\/shop\/\"><span class=\"fusion-button-text\">Zum Shop <\/span><\/a><\/div><\/div><\/div><\/div><\/div>\n","protected":false},"excerpt":{"rendered":"","protected":false},"author":1,"featured_media":0,"parent":939,"menu_order":0,"comment_status":"closed","ping_status":"closed","template":"","meta":{"footnotes":""},"class_list":["post-941","page","type-page","status-publish","hentry"],"_links":{"self":[{"href":"https:\/\/www.cosmedic-annabrandt.at\/index.php?rest_route=\/wp\/v2\/pages\/941","targetHints":{"allow":["GET"]}}],"collection":[{"href":"https:\/\/www.cosmedic-annabrandt.at\/index.php?rest_route=\/wp\/v2\/pages"}],"about":[{"href":"https:\/\/www.cosmedic-annabrandt.at\/index.php?rest_route=\/wp\/v2\/types\/page"}],"author":[{"embeddable":true,"href":"https:\/\/www.cosmedic-annabrandt.at\/index.php?rest_route=\/wp\/v2\/users\/1"}],"replies":[{"embeddable":true,"href":"https:\/\/www.cosmedic-annabrandt.at\/index.php?rest_route=%2Fwp%2Fv2%2Fcomments&post=941"}],"version-history":[{"count":13,"href":"https:\/\/www.cosmedic-annabrandt.at\/index.php?rest_route=\/wp\/v2\/pages\/941\/revisions"}],"predecessor-version":[{"id":1391,"href":"https:\/\/www.cosmedic-annabrandt.at\/index.php?rest_route=\/wp\/v2\/pages\/941\/revisions\/1391"}],"up":[{"embeddable":true,"href":"https:\/\/www.cosmedic-annabrandt.at\/index.php?rest_route=\/wp\/v2\/pages\/939"}],"wp:attachment":[{"href":"https:\/\/www.cosmedic-annabrandt.at\/index.php?rest_route=%2Fwp%2Fv2%2Fmedia&parent=941"}],"curies":[{"name":"wp","href":"https:\/\/api.w.org\/{rel}","templated":true}]}}