{"id":943,"date":"2025-07-15T10:26:10","date_gmt":"2025-07-15T10:26:10","guid":{"rendered":"https:\/\/www.cosmedic-annabrandt.at\/?page_id=943"},"modified":"2026-03-22T18:02:12","modified_gmt":"2026-03-22T18:02:12","slug":"dna-peel","status":"publish","type":"page","link":"https:\/\/www.cosmedic-annabrandt.at\/?page_id=943","title":{"rendered":"Hydrinity"},"content":{"rendered":"<div class=\"fusion-fullwidth fullwidth-box fusion-builder-row-1 fusion-flex-container has-pattern-background has-mask-background nonhundred-percent-fullwidth non-hundred-percent-height-scrolling\" style=\"--awb-border-radius-top-left:0px;--awb-border-radius-top-right:0px;--awb-border-radius-bottom-right:0px;--awb-border-radius-bottom-left:0px;--awb-flex-wrap:wrap;\" ><div class=\"fusion-builder-row fusion-row fusion-flex-align-items-flex-start fusion-flex-content-wrap\" style=\"max-width:1144px;margin-left: calc(-4% \/ 2 );margin-right: calc(-4% \/ 2 );\"><div class=\"fusion-layout-column fusion_builder_column fusion-builder-column-0 fusion_builder_column_1_1 1_1 fusion-flex-column\" style=\"--awb-bg-size:cover;--awb-width-large:100%;--awb-margin-top-large:15px;--awb-spacing-right-large:1.92%;--awb-margin-bottom-large:15px;--awb-spacing-left-large:1.92%;--awb-width-medium:100%;--awb-order-medium:0;--awb-spacing-right-medium:1.92%;--awb-spacing-left-medium:1.92%;--awb-width-small:100%;--awb-order-small:0;--awb-spacing-right-small:1.92%;--awb-spacing-left-small:1.92%;\"><div class=\"fusion-column-wrapper fusion-column-has-shadow fusion-flex-justify-content-flex-start fusion-content-layout-column\"><div class=\"fusion-image-element \" style=\"--awb-caption-title-font-family:var(--h2_typography-font-family);--awb-caption-title-font-weight:var(--h2_typography-font-weight);--awb-caption-title-font-style:var(--h2_typography-font-style);--awb-caption-title-size:var(--h2_typography-font-size);--awb-caption-title-transform:var(--h2_typography-text-transform);--awb-caption-title-line-height:var(--h2_typography-line-height);--awb-caption-title-letter-spacing:var(--h2_typography-letter-spacing);\"><span class=\" fusion-imageframe imageframe-none imageframe-1 hover-type-none\"><img decoding=\"async\" width=\"1648\" height=\"1123\" title=\"Hydrinity Logo\" src=\"https:\/\/www.cosmedic-annabrandt.at\/wp-content\/uploads\/2026\/03\/Hydrinity-Logo.png\" data-orig-src=\"https:\/\/www.cosmedic-annabrandt.at\/wp-content\/uploads\/2026\/03\/Hydrinity-Logo.png\" alt class=\"lazyload img-responsive wp-image-1397\" srcset=\"data:image\/svg+xml,%3Csvg%20xmlns%3D%27http%3A%2F%2Fwww.w3.org%2F2000%2Fsvg%27%20width%3D%271648%27%20height%3D%271123%27%20viewBox%3D%270%200%201648%201123%27%3E%3Crect%20width%3D%271648%27%20height%3D%271123%27%20fill-opacity%3D%220%22%2F%3E%3C%2Fsvg%3E\" data-srcset=\"https:\/\/www.cosmedic-annabrandt.at\/wp-content\/uploads\/2026\/03\/Hydrinity-Logo-200x136.png 200w, https:\/\/www.cosmedic-annabrandt.at\/wp-content\/uploads\/2026\/03\/Hydrinity-Logo-400x273.png 400w, https:\/\/www.cosmedic-annabrandt.at\/wp-content\/uploads\/2026\/03\/Hydrinity-Logo-600x409.png 600w, https:\/\/www.cosmedic-annabrandt.at\/wp-content\/uploads\/2026\/03\/Hydrinity-Logo-800x545.png 800w, https:\/\/www.cosmedic-annabrandt.at\/wp-content\/uploads\/2026\/03\/Hydrinity-Logo-1200x818.png 1200w, https:\/\/www.cosmedic-annabrandt.at\/wp-content\/uploads\/2026\/03\/Hydrinity-Logo.png 1648w\" data-sizes=\"auto\" data-orig-sizes=\"(max-width: 800px) 100vw, (max-width: 640px) 100vw, 1200px\" \/><\/span><\/div><div class=\"fusion-title title fusion-title-1 fusion-sep-none fusion-title-text fusion-title-size-one\"><h1 class=\"fusion-title-heading title-heading-left fusion-responsive-typography-calculated\" style=\"margin:0;--fontSize:106;line-height:var(--awb-typography1-line-height);\">Hydrinity &#8211; w<span dir=\"auto\">issenschaftlich fundiert, von Menschen getragen<\/span><\/h1><\/div><div class=\"fusion-image-element \" style=\"--awb-caption-title-font-family:var(--h2_typography-font-family);--awb-caption-title-font-weight:var(--h2_typography-font-weight);--awb-caption-title-font-style:var(--h2_typography-font-style);--awb-caption-title-size:var(--h2_typography-font-size);--awb-caption-title-transform:var(--h2_typography-text-transform);--awb-caption-title-line-height:var(--h2_typography-line-height);--awb-caption-title-letter-spacing:var(--h2_typography-letter-spacing);\"><span class=\" fusion-imageframe imageframe-none imageframe-2 hover-type-none\"><img decoding=\"async\" width=\"1708\" height=\"2560\" title=\"Hydrinity-Retaxome-Shelf Packshot-001-LT Blue\" src=\"https:\/\/www.cosmedic-annabrandt.at\/wp-content\/uploads\/2026\/03\/Hydrinity-Retaxome-Shelf-Packshot-001-LT-Blue-scaled.jpg\" data-orig-src=\"https:\/\/www.cosmedic-annabrandt.at\/wp-content\/uploads\/2026\/03\/Hydrinity-Retaxome-Shelf-Packshot-001-LT-Blue-scaled.jpg\" alt class=\"lazyload img-responsive wp-image-1398\" srcset=\"data:image\/svg+xml,%3Csvg%20xmlns%3D%27http%3A%2F%2Fwww.w3.org%2F2000%2Fsvg%27%20width%3D%271708%27%20height%3D%272560%27%20viewBox%3D%270%200%201708%202560%27%3E%3Crect%20width%3D%271708%27%20height%3D%272560%27%20fill-opacity%3D%220%22%2F%3E%3C%2Fsvg%3E\" data-srcset=\"https:\/\/www.cosmedic-annabrandt.at\/wp-content\/uploads\/2026\/03\/Hydrinity-Retaxome-Shelf-Packshot-001-LT-Blue-200x300.jpg 200w, https:\/\/www.cosmedic-annabrandt.at\/wp-content\/uploads\/2026\/03\/Hydrinity-Retaxome-Shelf-Packshot-001-LT-Blue-400x600.jpg 400w, https:\/\/www.cosmedic-annabrandt.at\/wp-content\/uploads\/2026\/03\/Hydrinity-Retaxome-Shelf-Packshot-001-LT-Blue-600x900.jpg 600w, https:\/\/www.cosmedic-annabrandt.at\/wp-content\/uploads\/2026\/03\/Hydrinity-Retaxome-Shelf-Packshot-001-LT-Blue-800x1199.jpg 800w, https:\/\/www.cosmedic-annabrandt.at\/wp-content\/uploads\/2026\/03\/Hydrinity-Retaxome-Shelf-Packshot-001-LT-Blue-1200x1799.jpg 1200w, https:\/\/www.cosmedic-annabrandt.at\/wp-content\/uploads\/2026\/03\/Hydrinity-Retaxome-Shelf-Packshot-001-LT-Blue-scaled.jpg 1708w\" data-sizes=\"auto\" data-orig-sizes=\"(max-width: 800px) 100vw, (max-width: 640px) 100vw, 1200px\" \/><\/span><\/div><\/div><\/div><div class=\"fusion-layout-column fusion_builder_column fusion-builder-column-1 fusion_builder_column_1_1 1_1 fusion-flex-column\" style=\"--awb-bg-size:cover;--awb-width-large:100%;--awb-margin-top-large:15px;--awb-spacing-right-large:1.92%;--awb-margin-bottom-large:15px;--awb-spacing-left-large:1.92%;--awb-width-medium:100%;--awb-order-medium:0;--awb-spacing-right-medium:1.92%;--awb-spacing-left-medium:1.92%;--awb-width-small:100%;--awb-order-small:0;--awb-spacing-right-small:1.92%;--awb-spacing-left-small:1.92%;\"><div class=\"fusion-column-wrapper fusion-column-has-shadow fusion-flex-justify-content-flex-start fusion-content-layout-column\"><div class=\"fusion-text fusion-text-1\"><p data-start=\"0\" data-end=\"279\">RetaXome\u2122 Daily Retinal Hydrator von Hydrinity &#8211; hochwirksamer, t\u00e4glicher Retinal-Hydrator, der durch biomimetische Exosomen-Technologie 10-mal potenter als herk\u00f6mmliches Retinol wirkt, ohne Irritationen zu verursachen. Er f\u00f6rdert den Zellumsatz, strafft die Haut und spendet Feuchtigkeit, ideal auch f\u00fcr empfindliche Haut. Die Formel erfordert keine Eingew\u00f6hnungszeit und ist ab dem ersten Tag anwendbar.<\/p>\n<div class=\"product--block\" data-block-type=\"description\" data-fit-together=\"false\">\n<div class=\"product--block--description\" data-item=\"rte-content\">\n<p><span dir=\"auto\">RetaXome\u2122 nutzt die regenerative Kraft von Retinal, verkapselt in einem patentierten, pr\u00e4zise zielgerichteten, biomimetischen Exosom. Diese Formel der n\u00e4chsten Generation wirkt synergistisch, um die Haut sichtbar zu gl\u00e4tten, zu straffen, mit Feuchtigkeit zu versorgen und zu verj\u00fcngen.<\/span><\/p>\n<\/div>\n<\/div>\n<div class=\"product--block\" data-block-type=\"key_benefits\" data-fit-together=\"false\">\n<section class=\"max-w-4xl mx-auto space-y-8 key_benefits\">\n<div><\/div>\n<\/section>\n<\/div>\n<\/div><div ><a class=\"fusion-button button-flat fusion-button-default-size button-custom fusion-button-default button-1 fusion-button-default-span fusion-button-default-type\" style=\"--button_accent_color:var(--awb-color1);--button_accent_hover_color:var(--awb-color1);--button_border_hover_color:var(--awb-color1);--button_gradient_top_color:var(--awb-color4);--button_gradient_bottom_color:var(--awb-color4);--button_gradient_top_color_hover:hsla(var(--awb-color4-h),var(--awb-color4-s),calc(var(--awb-color4-l) - 10%),var(--awb-color4-a));--button_gradient_bottom_color_hover:hsla(var(--awb-color4-h),var(--awb-color4-s),calc(var(--awb-color4-l) - 10%),var(--awb-color4-a));width:calc(100%);\" target=\"_self\" href=\"https:\/\/www.beautycenter-soeflingen.de\/shop\/\"><span class=\"fusion-button-text\">Zum Shop <\/span><\/a><\/div><\/div><\/div><\/div><\/div>\n","protected":false},"excerpt":{"rendered":"","protected":false},"author":1,"featured_media":0,"parent":939,"menu_order":0,"comment_status":"closed","ping_status":"closed","template":"","meta":{"footnotes":""},"class_list":["post-943","page","type-page","status-publish","hentry"],"_links":{"self":[{"href":"https:\/\/www.cosmedic-annabrandt.at\/index.php?rest_route=\/wp\/v2\/pages\/943","targetHints":{"allow":["GET"]}}],"collection":[{"href":"https:\/\/www.cosmedic-annabrandt.at\/index.php?rest_route=\/wp\/v2\/pages"}],"about":[{"href":"https:\/\/www.cosmedic-annabrandt.at\/index.php?rest_route=\/wp\/v2\/types\/page"}],"author":[{"embeddable":true,"href":"https:\/\/www.cosmedic-annabrandt.at\/index.php?rest_route=\/wp\/v2\/users\/1"}],"replies":[{"embeddable":true,"href":"https:\/\/www.cosmedic-annabrandt.at\/index.php?rest_route=%2Fwp%2Fv2%2Fcomments&post=943"}],"version-history":[{"count":5,"href":"https:\/\/www.cosmedic-annabrandt.at\/index.php?rest_route=\/wp\/v2\/pages\/943\/revisions"}],"predecessor-version":[{"id":1400,"href":"https:\/\/www.cosmedic-annabrandt.at\/index.php?rest_route=\/wp\/v2\/pages\/943\/revisions\/1400"}],"up":[{"embeddable":true,"href":"https:\/\/www.cosmedic-annabrandt.at\/index.php?rest_route=\/wp\/v2\/pages\/939"}],"wp:attachment":[{"href":"https:\/\/www.cosmedic-annabrandt.at\/index.php?rest_route=%2Fwp%2Fv2%2Fmedia&parent=943"}],"curies":[{"name":"wp","href":"https:\/\/api.w.org\/{rel}","templated":true}]}}