{"id":945,"date":"2025-07-15T10:26:28","date_gmt":"2025-07-15T10:26:28","guid":{"rendered":"https:\/\/www.cosmedic-annabrandt.at\/?page_id=945"},"modified":"2026-02-21T12:26:41","modified_gmt":"2026-02-21T12:26:41","slug":"skinbetter-science","status":"publish","type":"page","link":"https:\/\/www.cosmedic-annabrandt.at\/?page_id=945","title":{"rendered":"skinbetter\u00ae science"},"content":{"rendered":"<p><div class=\"fusion-fullwidth fullwidth-box fusion-builder-row-1 fusion-flex-container has-pattern-background has-mask-background nonhundred-percent-fullwidth non-hundred-percent-height-scrolling\" style=\"--awb-border-radius-top-left:0px;--awb-border-radius-top-right:0px;--awb-border-radius-bottom-right:0px;--awb-border-radius-bottom-left:0px;--awb-flex-wrap:wrap;\" ><div class=\"fusion-builder-row fusion-row fusion-flex-align-items-flex-start fusion-flex-content-wrap\" style=\"max-width:1144px;margin-left: calc(-4% \/ 2 );margin-right: calc(-4% \/ 2 );\"><div class=\"fusion-layout-column fusion_builder_column fusion-builder-column-0 fusion_builder_column_1_1 1_1 fusion-flex-column\" style=\"--awb-bg-size:cover;--awb-width-large:100%;--awb-margin-top-large:15px;--awb-spacing-right-large:1.92%;--awb-margin-bottom-large:15px;--awb-spacing-left-large:1.92%;--awb-width-medium:100%;--awb-order-medium:0;--awb-spacing-right-medium:1.92%;--awb-spacing-left-medium:1.92%;--awb-width-small:100%;--awb-order-small:0;--awb-spacing-right-small:1.92%;--awb-spacing-left-small:1.92%;\"><div class=\"fusion-column-wrapper fusion-column-has-shadow fusion-flex-justify-content-flex-start fusion-content-layout-column\"><div class=\"fusion-title title fusion-title-1 fusion-sep-none fusion-title-text fusion-title-size-one\"><h1 class=\"fusion-title-heading title-heading-left fusion-responsive-typography-calculated\" style=\"margin:0;--fontSize:106;line-height:var(--awb-typography1-line-height);\">skin<strong>better<\/strong>\u00ae science<\/h1><\/div><\/div><\/div><\/div><\/div><div class=\"fusion-fullwidth fullwidth-box fusion-builder-row-2 fusion-flex-container has-pattern-background has-mask-background nonhundred-percent-fullwidth non-hundred-percent-height-scrolling\" style=\"--awb-border-radius-top-left:0px;--awb-border-radius-top-right:0px;--awb-border-radius-bottom-right:0px;--awb-border-radius-bottom-left:0px;--awb-flex-wrap:wrap;\" ><div class=\"fusion-builder-row fusion-row fusion-flex-align-items-flex-start fusion-flex-content-wrap\" style=\"max-width:1144px;margin-left: calc(-4% \/ 2 );margin-right: calc(-4% \/ 2 );\"><div class=\"fusion-layout-column fusion_builder_column fusion-builder-column-1 fusion_builder_column_1_2 1_2 fusion-flex-column\" style=\"--awb-bg-size:cover;--awb-width-large:50%;--awb-margin-top-large:15px;--awb-spacing-right-large:3.84%;--awb-margin-bottom-large:15px;--awb-spacing-left-large:3.84%;--awb-width-medium:100%;--awb-order-medium:0;--awb-spacing-right-medium:1.92%;--awb-spacing-left-medium:1.92%;--awb-width-small:100%;--awb-order-small:0;--awb-spacing-right-small:1.92%;--awb-spacing-left-small:1.92%;\"><div class=\"fusion-column-wrapper fusion-column-has-shadow fusion-flex-justify-content-flex-start fusion-content-layout-column\"><div class=\"fusion-text fusion-text-1\"><p>Die Produkte von skin<strong>better<\/strong>\u00ae bieten erstaunliche Resultate, wenn es darum geht, den Alterserscheinungen der Haut entgegenzuwirken. Gleichzeitig \u00fcberzeugt die Serie durch unkomplizierte L\u00f6sungen f\u00fcr die hochwirksame Hautpflege. Die Entwicklung der patentierten Produktformeln basiert auf innovativen Technologien, w\u00e4hrend die Wirkung der Hochleistungssubstanzen in klinischen Studien umfassend \u00fcberpr\u00fcft und best\u00e4tigt wurde. Seri\u00f6se Vorher- und Nachher-Bilder belegen die sichtbaren Pflegeergebnisse der Produkte.<\/p>\n<p>Zu den zentralen Bestandteilen der skin<strong>better<\/strong>\u00ae-Serie geh\u00f6rt InterFuse\u00ae \u2013 ein revolution\u00e4res, nadelfreies Transportsystem, welches gro\u00dfmolekulare Inhaltsstoffe, die normalerweise nicht durch die Abwehrbarriere der Haut dringen k\u00f6nnen, schnell, tief und pr\u00e4zise in die Haut einbringt. Ein weiterer, einzigartiger Baustein des Well-Aging-Hautpflegeplans von skin<strong>better\u00ae<\/strong> ist das sogenannte \u201eTraummolek\u00fcl\u201c: die <strong>AlphaRet\u00ae-Formulierung.\u00a0<\/strong><\/p>\n<p data-start=\"0\" data-end=\"230\"><strong data-start=\"41\" data-end=\"104\">AlphaRet\u00ae ist kein klassisches Retinol und auch kein Retinal<\/strong>, sondern eine <strong data-start=\"119\" data-end=\"168\">propriet\u00e4re, patentierte Retinoid-Technologie<\/strong> von skin<strong>better<\/strong>\u00ae. Sie enth\u00e4lt ein doppelkonjugiertes Retionoat sowie Alpha-Hydroxy-S\u00e4uren (AHA\u2019s) und tr\u00e4gt entscheidend dazu bei, die Zeichen der Hautalterung zu reduzieren und die Kollagendichte zu steigern.<\/p>\n<h2 data-start=\"282\" data-end=\"313\">Was ist AlphaRet\u00ae?<\/h2>\n<p data-start=\"314\" data-end=\"427\">AlphaRet = <strong data-start=\"325\" data-end=\"351\">Ethyl Lactyl Retinoate<\/strong><br data-start=\"351\" data-end=\"354\" \/>\u2192 eine <strong data-start=\"361\" data-end=\"427\">doppelt konjugierte Verbindung aus Retinoid + AHA (Milchs\u00e4ure)<\/strong><\/p>\n<p data-start=\"429\" data-end=\"451\">skin<strong>better\u00ae<\/strong> kombiniert:<\/p>\n<ul data-start=\"452\" data-end=\"583\">\n<li data-start=\"452\" data-end=\"466\">\n<p data-start=\"454\" data-end=\"466\">ein Retinoid<\/p>\n<\/li>\n<li data-start=\"467\" data-end=\"511\">\n<p data-start=\"469\" data-end=\"511\">mit einer Alpha-Hydroxys\u00e4ure (Lactic Acid)<\/p>\n<\/li>\n<li data-start=\"512\" data-end=\"583\">\n<p data-start=\"514\" data-end=\"583\">in einer speziellen Verkapselung f\u00fcr langsamere, sanftere Freisetzung<\/p>\n<\/li>\n<\/ul>\n<p data-start=\"585\" data-end=\"708\">Das Ziel: \u00e4hnliche Ergebnisse wie starkes Retinol oder niedrig dosiertes Tretinoin, aber mit deutlich weniger Reizung.<\/p>\n<h2 data-start=\"710\" data-end=\"751\">Wie wirksam ist AlphaRet\u00ae im Vergleich?<\/h2>\n<p data-start=\"753\" data-end=\"800\">Laut herstellerfinanzierten klinischen Studien:<\/p>\n<ul data-start=\"802\" data-end=\"908\">\n<li data-start=\"802\" data-end=\"908\">\n<p data-start=\"804\" data-end=\"834\">AlphaRet\u00ae wurde verglichen mit:<\/p>\n<ul data-start=\"837\" data-end=\"908\">\n<li data-start=\"837\" data-end=\"856\">\n<p data-start=\"839\" data-end=\"856\"><strong data-start=\"839\" data-end=\"856\">1,0 % Retinol<\/strong><\/p>\n<\/li>\n<li data-start=\"859\" data-end=\"908\">\n<p data-start=\"861\" data-end=\"908\"><strong data-start=\"861\" data-end=\"908\">0,025 % Tretinoin (verschreibungspflichtig)<\/strong><\/p>\n<\/li>\n<\/ul>\n<\/li>\n<\/ul>\n<p data-start=\"910\" data-end=\"922\">Ergebnis:<\/p>\n<blockquote data-start=\"923\" data-end=\"1019\">\n<p data-start=\"925\" data-end=\"1019\"><strong data-start=\"925\" data-end=\"1019\">\u00c4hnliche Verbesserungen bei Falten, Textur &amp; Pigmentflecken \u2013 aber bessere Vertr\u00e4glichkeit<\/strong><\/p>\n<\/blockquote>\n<p>Die AlphaRet\u00ae Produktpalette beinhaltet:<\/p>\n<ul>\n<li>AlphaRet\u00ae Clearing Serum (0,5-1% Salizyls\u00e4ure) &#8211; unreine \u00f6lige Haut, Nachtserum<\/li>\n<li>AlphaRet\u00ae Overnight Cream (10% Glykols\u00e4ure) &#8211; lichtgesch\u00e4digte, zu Falten neigende Haut, Nachtcreme<\/li>\n<li>Intensive AlphaRet\u00ae Overnight Cream (18% Glykols\u00e4ure) &#8211; stark lichtgesch\u00e4digte, faltige Haut mit Kollagenverlust, Nachtcreme<\/li>\n<li>EyeMax\u2122 AlphaRet\u00ae Overnight Cream (keine Salizyl- und Glykols\u00e4uren) &#8211; faltige, regeneratiosbed\u00fcrftige Augenpartie, Nachtaugencreme<\/li>\n<\/ul>\n<p>Zus\u00e4tzlich bietet skin<strong>better<\/strong>\u00ae in harmonisch abgestimmter Weise hochwirksame Wirkstoffe wie:<\/p>\n<ul>\n<li>neuroberuhigende Peptide<\/li>\n<li>Alpha- und Beta-Hydroxys\u00e4uren<\/li>\n<li>Antioxidantien<\/li>\n<li>Niaciamid<\/li>\n<li>gro\u00df- und kleinmolekulare Hyalurons\u00e4ure<\/li>\n<li>hochwertiges Vitamin C<\/li>\n<li>Aminos\u00e4urenkomplexe<\/li>\n<li>Kohlenhydratkomplexe<\/li>\n<li>hauteigene Ceramide<\/li>\n<\/ul>\n<p>skin<strong>better<\/strong>\u00ae<\/p>\n<p>vegan<\/p>\n<p>antiallergen<\/p>\n<p>von h\u00f6chster Reinheit<\/p>\n<p>nach strengsten Umweltschutzregeln<\/p>\n<p>komplett ohne Tierversuche hergestellt<\/p>\n<\/div><div ><a class=\"fusion-button button-flat fusion-button-default-size button-default fusion-button-default button-1 fusion-button-default-span fusion-button-default-type\" style=\"width:calc(100%);\" target=\"_blank\" rel=\"noopener noreferrer\" href=\"https:\/\/www.cosmedic-annabrandt.de\/\"><span class=\"fusion-button-text\">Zum Shop<\/span><\/a><\/div><\/div><\/div><div class=\"fusion-layout-column fusion_builder_column fusion-builder-column-2 fusion_builder_column_1_2 1_2 fusion-flex-column\" style=\"--awb-bg-size:cover;--awb-width-large:50%;--awb-margin-top-large:15px;--awb-spacing-right-large:3.84%;--awb-margin-bottom-large:15px;--awb-spacing-left-large:3.84%;--awb-width-medium:100%;--awb-order-medium:0;--awb-spacing-right-medium:1.92%;--awb-spacing-left-medium:1.92%;--awb-width-small:100%;--awb-order-small:0;--awb-spacing-right-small:1.92%;--awb-spacing-left-small:1.92%;\"><div class=\"fusion-column-wrapper fusion-column-has-shadow fusion-flex-justify-content-flex-start fusion-content-layout-column\"><div class=\"fusion-video fusion-selfhosted-video\" style=\"max-width:100%;\"><div class=\"video-wrapper\"><video playsinline=\"true\" width=\"100%\" style=\"object-fit: cover;\" preload=\"auto\" controls=\"1\"><source src=\"https:\/\/www.cosmedic-annabrandt.at\/wp-content\/uploads\/2022\/09\/AlphaRet-Clearing-Serum-B_A-Video.mp4\" type=\"video\/mp4\">Sorry, your browser doesn&#039;t support embedded videos.<\/video><\/div><\/div><div class=\"fusion-separator fusion-full-width-sep\" style=\"align-self: center;margin-left: auto;margin-right: auto;width:100%;\"><\/div><div class=\"fusion-video fusion-selfhosted-video\" style=\"max-width:100%;\"><div class=\"video-wrapper\"><video playsinline=\"true\" width=\"100%\" style=\"object-fit: cover;\" preload=\"auto\" controls=\"1\"><source src=\"https:\/\/www.cosmedic-annabrandt.at\/wp-content\/uploads\/2022\/09\/AlphaRet-Overnigth-Cream-B_A-Video.mp4\" type=\"video\/mp4\">Sorry, your browser doesn&#039;t support embedded videos.<\/video><\/div><\/div><\/div><\/div><\/div><\/div><\/p>\n","protected":false},"excerpt":{"rendered":"","protected":false},"author":1,"featured_media":0,"parent":939,"menu_order":0,"comment_status":"closed","ping_status":"closed","template":"","meta":{"footnotes":""},"class_list":["post-945","page","type-page","status-publish","hentry"],"_links":{"self":[{"href":"https:\/\/www.cosmedic-annabrandt.at\/index.php?rest_route=\/wp\/v2\/pages\/945","targetHints":{"allow":["GET"]}}],"collection":[{"href":"https:\/\/www.cosmedic-annabrandt.at\/index.php?rest_route=\/wp\/v2\/pages"}],"about":[{"href":"https:\/\/www.cosmedic-annabrandt.at\/index.php?rest_route=\/wp\/v2\/types\/page"}],"author":[{"embeddable":true,"href":"https:\/\/www.cosmedic-annabrandt.at\/index.php?rest_route=\/wp\/v2\/users\/1"}],"replies":[{"embeddable":true,"href":"https:\/\/www.cosmedic-annabrandt.at\/index.php?rest_route=%2Fwp%2Fv2%2Fcomments&post=945"}],"version-history":[{"count":6,"href":"https:\/\/www.cosmedic-annabrandt.at\/index.php?rest_route=\/wp\/v2\/pages\/945\/revisions"}],"predecessor-version":[{"id":1207,"href":"https:\/\/www.cosmedic-annabrandt.at\/index.php?rest_route=\/wp\/v2\/pages\/945\/revisions\/1207"}],"up":[{"embeddable":true,"href":"https:\/\/www.cosmedic-annabrandt.at\/index.php?rest_route=\/wp\/v2\/pages\/939"}],"wp:attachment":[{"href":"https:\/\/www.cosmedic-annabrandt.at\/index.php?rest_route=%2Fwp%2Fv2%2Fmedia&parent=945"}],"curies":[{"name":"wp","href":"https:\/\/api.w.org\/{rel}","templated":true}]}}