{"id":949,"date":"2025-07-15T10:27:14","date_gmt":"2025-07-15T10:27:14","guid":{"rendered":"https:\/\/www.cosmedic-annabrandt.at\/?page_id=949"},"modified":"2026-03-23T20:01:48","modified_gmt":"2026-03-23T20:01:48","slug":"thermoceutical","status":"publish","type":"page","link":"https:\/\/www.cosmedic-annabrandt.at\/?page_id=949","title":{"rendered":"tHermoCEUTICAL\u00ae"},"content":{"rendered":"<div class=\"fusion-fullwidth fullwidth-box fusion-builder-row-1 fusion-flex-container nonhundred-percent-fullwidth non-hundred-percent-height-scrolling\" style=\"--awb-border-radius-top-left:0px;--awb-border-radius-top-right:0px;--awb-border-radius-bottom-right:0px;--awb-border-radius-bottom-left:0px;--awb-flex-wrap:wrap;\" ><div class=\"fusion-builder-row fusion-row fusion-flex-align-items-flex-start fusion-flex-content-wrap\" style=\"max-width:1144px;margin-left: calc(-4% \/ 2 );margin-right: calc(-4% \/ 2 );\"><div class=\"fusion-layout-column fusion_builder_column fusion-builder-column-0 fusion_builder_column_1_1 1_1 fusion-flex-column\" style=\"--awb-bg-size:cover;--awb-width-large:100%;--awb-margin-top-large:0px;--awb-spacing-right-large:1.92%;--awb-margin-bottom-large:0px;--awb-spacing-left-large:1.92%;--awb-width-medium:100%;--awb-spacing-right-medium:1.92%;--awb-spacing-left-medium:1.92%;--awb-width-small:100%;--awb-spacing-right-small:1.92%;--awb-spacing-left-small:1.92%;\"><div class=\"fusion-column-wrapper fusion-flex-justify-content-flex-start fusion-content-layout-column\"><div class=\"fusion-image-element \" style=\"--awb-margin-top:30px;--awb-margin-bottom:30px;--awb-caption-title-font-family:var(--h2_typography-font-family);--awb-caption-title-font-weight:var(--h2_typography-font-weight);--awb-caption-title-font-style:var(--h2_typography-font-style);--awb-caption-title-size:var(--h2_typography-font-size);--awb-caption-title-transform:var(--h2_typography-text-transform);--awb-caption-title-line-height:var(--h2_typography-line-height);--awb-caption-title-letter-spacing:var(--h2_typography-letter-spacing);\"><span class=\" fusion-imageframe imageframe-none imageframe-1 hover-type-none\"><img decoding=\"async\" src=\"data:image\/gif;base64,R0lGODlhAQABAAAAACH5BAEKAAEALAAAAAABAAEAAAICTAEAOw==\" data-orig-src=\"https:\/\/www.cosmedic-annabrandt.at\/wp-content\/uploads\/2025\/07\/tHermoCEUTICAL-Black.png\" alt class=\"lazyload img-responsive\"\/><\/span><\/div><div class=\"fusion-video fusion-selfhosted-video\" style=\"max-width:100%;\"><div class=\"video-wrapper\"><video playsinline=\"true\" width=\"100%\" style=\"object-fit: cover;\" autoplay=\"true\" muted=\"true\" loop=\"true\" preload=\"auto\" controls=\"1\"><source src=\"https:\/\/www.cosmedic-annabrandt.at\/wp-content\/uploads\/2025\/07\/tHermoCEUTICAL-German-horizontal.mp4\" type=\"video\/mp4\">Sorry, your browser doesn&#039;t support embedded videos.<\/video><\/div><\/div><div class=\"fusion-text fusion-text-1\"><h2 data-start=\"261\" data-end=\"315\">Thermoceutical \u2013 Next Level in der dermokosmetischen Hautpflege<\/h2>\n<p data-start=\"316\" data-end=\"374\"><strong data-start=\"316\" data-end=\"374\">Jetzt bei uns erh\u00e4ltlich \u2013 die hochqualitative Hautpflege aus S\u00fcdkorea f\u00fcr sichtbar ges\u00fcndere Haut<\/strong><\/p>\n<p data-start=\"376\" data-end=\"674\"><strong data-start=\"376\" data-end=\"394\">Thermoceutical\u00ae<\/strong> ist eine wissenschaftlich fundierte Dermokosmetik-Marke aus S\u00fcdkorea, die f\u00fcr ihre effektive, hochwirksame Hautpflege bekannt ist. Das besondere bei der Pflege-Marke ist das patentierte<\/p>\n<h3 data-start=\"676\" data-end=\"739\">Quattro Link System \u2013 intelligentes Wirkstoffmanagement<\/h3>\n<p data-start=\"741\" data-end=\"1011\">Das <strong data-start=\"784\" data-end=\"807\">Quattro Link System<\/strong> \u2013 ein innovatives Transport- und Wirkstoffsystem, das die Hautpflege von\u00a0 <strong data-start=\"376\" data-end=\"394\">Thermoceutical\u00ae <\/strong>einzigartig macht. Es basiert auf vier aufeinander abgestimmten Komponenten, die daf\u00fcr sorgen, dass die Wirkstoffe:<\/p>\n<ol data-start=\"1013\" data-end=\"1228\">\n<li data-start=\"1013\" data-end=\"1069\">\n<p data-start=\"1016\" data-end=\"1069\"><b>Hydration<\/b> &#8211; optimiert den Feuchtigkeitsgehalt in allen Hautschichten, als Basis f\u00fcr s\u00e4mtliche Zellaktivit\u00e4ten und Hautfunktionen f\u00fcr eine maximale Aufnahme von Wirkstoffen<\/p>\n<\/li>\n<li data-start=\"1070\" data-end=\"1128\">\n<p data-start=\"1073\" data-end=\"1128\"><strong data-start=\"1132\" data-end=\"1156\">Anti-Inflammation <\/strong>&#8211; reduziert entz\u00fcndliche Prozesse in der Haut, beruhigt, gleicht Irritationen und Unreinheiten aus, verleiht ein feines und ebenm\u00e4\u00dfiges Erscheinungsbild<\/p>\n<\/li>\n<li data-start=\"1070\" data-end=\"1128\">\n<p data-start=\"1073\" data-end=\"1128\"><strong>Anti-Oxidation<\/strong> &#8211;\u00a0 bietet Schutz vor internen und externen Schadstoffen und freien Radikalen, st\u00e4rkt und stabilisiert die Hautbarriere, bewahrt die Widerstandsf\u00e4higkeit der Haut<\/p>\n<\/li>\n<li data-start=\"1160\" data-end=\"1228\">\n<p data-start=\"1163\" data-end=\"1228\"><b>Anti-Aging <\/b>&#8211; optimiert den nat\u00fcrlichen Stoffwechsel und f\u00f6rdert die DNA-Reparaturprozesse, korrigiert sichtbare Zeichen der Hautalterung, gl\u00e4ttet und strafft die Haut<\/p>\n<\/li>\n<\/ol>\n<p data-start=\"1230\" data-end=\"1451\">Dieses intelligente System sorgt f\u00fcr eine optimale Wirksamkeit der Produkte \u2013 ohne die Haut zu reizen oder sie zu \u00fcberpflegen.<\/p>\n<\/div><\/div><\/div><\/div><\/div>\n","protected":false},"excerpt":{"rendered":"","protected":false},"author":1,"featured_media":0,"parent":939,"menu_order":0,"comment_status":"closed","ping_status":"closed","template":"","meta":{"footnotes":""},"class_list":["post-949","page","type-page","status-publish","hentry"],"_links":{"self":[{"href":"https:\/\/www.cosmedic-annabrandt.at\/index.php?rest_route=\/wp\/v2\/pages\/949","targetHints":{"allow":["GET"]}}],"collection":[{"href":"https:\/\/www.cosmedic-annabrandt.at\/index.php?rest_route=\/wp\/v2\/pages"}],"about":[{"href":"https:\/\/www.cosmedic-annabrandt.at\/index.php?rest_route=\/wp\/v2\/types\/page"}],"author":[{"embeddable":true,"href":"https:\/\/www.cosmedic-annabrandt.at\/index.php?rest_route=\/wp\/v2\/users\/1"}],"replies":[{"embeddable":true,"href":"https:\/\/www.cosmedic-annabrandt.at\/index.php?rest_route=%2Fwp%2Fv2%2Fcomments&post=949"}],"version-history":[{"count":2,"href":"https:\/\/www.cosmedic-annabrandt.at\/index.php?rest_route=\/wp\/v2\/pages\/949\/revisions"}],"predecessor-version":[{"id":1411,"href":"https:\/\/www.cosmedic-annabrandt.at\/index.php?rest_route=\/wp\/v2\/pages\/949\/revisions\/1411"}],"up":[{"embeddable":true,"href":"https:\/\/www.cosmedic-annabrandt.at\/index.php?rest_route=\/wp\/v2\/pages\/939"}],"wp:attachment":[{"href":"https:\/\/www.cosmedic-annabrandt.at\/index.php?rest_route=%2Fwp%2Fv2%2Fmedia&parent=949"}],"curies":[{"name":"wp","href":"https:\/\/api.w.org\/{rel}","templated":true}]}}